{"id":1429,"date":"2023-05-13T16:42:35","date_gmt":"2023-05-13T09:42:35","guid":{"rendered":"https:\/\/sunlog.greensoft.vn\/customs-clearance-inland-logistics\/"},"modified":"2023-05-17T15:26:29","modified_gmt":"2023-05-17T08:26:29","slug":"customs-clearance-inland-logistics","status":"publish","type":"page","link":"https:\/\/sunlog.com.vn\/vi\/customs-clearance-inland-logistics\/","title":{"rendered":"Customs clearance &amp; Inland logistics"},"content":{"rendered":"\t\t<div data-elementor-type=\"wp-page\" data-elementor-id=\"1429\" class=\"elementor elementor-1429\" data-elementor-post-type=\"page\">\n\t\t\t\t\t\t<section class=\"elementor-section elementor-top-section elementor-element elementor-element-d88165a elementor-section-height-min-height elementor-section-boxed elementor-section-height-default elementor-section-items-middle\" data-id=\"d88165a\" data-element_type=\"section\" data-settings=\"{&quot;jet_parallax_layout_list&quot;:[],&quot;background_background&quot;:&quot;classic&quot;}\">\n\t\t\t\t\t\t\t<div class=\"elementor-background-overlay\"><\/div>\n\t\t\t\t\t\t\t<div class=\"elementor-container elementor-column-gap-default\">\n\t\t\t\t\t<div class=\"elementor-column elementor-col-100 elementor-top-column elementor-element elementor-element-4212e83\" data-id=\"4212e83\" data-element_type=\"column\">\n\t\t\t<div class=\"elementor-widget-wrap elementor-element-populated\">\n\t\t\t\t\t\t\t<\/div>\n\t\t<\/div>\n\t\t\t\t\t<\/div>\n\t\t<\/section>\n\t\t\t\t<section class=\"elementor-section elementor-top-section elementor-element elementor-element-e28dd6c elementor-section-boxed elementor-section-height-default elementor-section-height-default\" data-id=\"e28dd6c\" data-element_type=\"section\" data-settings=\"{&quot;jet_parallax_layout_list&quot;:[]}\">\n\t\t\t\t\t\t<div class=\"elementor-container elementor-column-gap-default\">\n\t\t\t\t\t<div class=\"elementor-column elementor-col-100 elementor-top-column elementor-element elementor-element-4ab550b\" data-id=\"4ab550b\" data-element_type=\"column\">\n\t\t\t<div class=\"elementor-widget-wrap elementor-element-populated\">\n\t\t\t\t\t\t<div class=\"elementor-element elementor-element-0494dad elementor-widget elementor-widget-shortcode\" data-id=\"0494dad\" data-element_type=\"widget\" data-widget_type=\"shortcode.default\">\n\t\t\t\t<div class=\"elementor-widget-container\">\n\t\t\t\t\t<div class=\"elementor-shortcode\"><nav aria-label=\"breadcrumbs\" class=\"rank-math-breadcrumb\"><p><span class=\"last\">Trang ch\u1ee7<\/span><\/p><\/nav><\/div>\n\t\t\t\t<\/div>\n\t\t\t\t<\/div>\n\t\t\t\t\t<\/div>\n\t\t<\/div>\n\t\t\t\t\t<\/div>\n\t\t<\/section>\n\t\t\t\t<section class=\"elementor-section elementor-top-section elementor-element elementor-element-cf8e645 elementor-section-boxed elementor-section-height-default elementor-section-height-default\" data-id=\"cf8e645\" data-element_type=\"section\" data-settings=\"{&quot;jet_parallax_layout_list&quot;:[]}\">\n\t\t\t\t\t\t<div class=\"elementor-container elementor-column-gap-default\">\n\t\t\t\t\t<div class=\"elementor-column elementor-col-100 elementor-top-column elementor-element elementor-element-d15ddf5\" data-id=\"d15ddf5\" data-element_type=\"column\">\n\t\t\t<div class=\"elementor-widget-wrap elementor-element-populated\">\n\t\t\t\t\t\t<div class=\"elementor-element elementor-element-53cafd7 elementor-widget elementor-widget-text-editor\" data-id=\"53cafd7\" data-element_type=\"widget\" data-widget_type=\"text-editor.default\">\n\t\t\t\t<div class=\"elementor-widget-container\">\n\t\t\t\t\t\t\t<p>D\u1ecbch v\u1ee5 khai thu\u00ea h\u1ea3i quan h\u1ed7 tr\u1ee3 kh\u00e1ch h\u00e0ng c\u1ee7a ch\u00fang t\u00f4i l\u00e0m th\u1ee7 t\u1ee5c th\u00f4ng quan cho c\u00e1c b\u1ea5t k\u1ec3 l\u00f4 h\u00e0ng xu\u1ea5t nh\u1eadp kh\u1ea9u n\u00e0o. Ch\u00fang t\u00f4i chuy\u00ean l\u00e0m th\u1ee7 t\u1ee5c h\u1ea3i quan ph\u00f9 h\u1ee3p v\u1edbi quy \u0111\u1ecbnh c\u1ee7a H\u1ea3i quan Vi\u1ec7t Nam v\u00e0 c\u00e1c quy \u0111\u1ecbnh v\u1ec1 h\u00e0ng h\u00f3a, m\u00e3 s\u1ed1 h\u00e0ng h\u00f3a (hs code), ch\u00ednh s\u00e1ch thu\u1ebf, v\u1eadn chuy\u1ec3n n\u1ed9i \u0111\u1ecba\u2026 D\u1ecbch v\u1ee5 khai thu\u00ea h\u1ea3i quan c\u1ee7a ch\u00fang t\u00f4i c\u00f3 th\u1ec3 gi\u00fap kh\u00e1ch h\u00e0ng th\u00fac \u0111\u1ea9y ho\u1ea1t \u0111\u1ed9ng kinh doanh c\u1ee7a m\u00ecnh th\u00f4ng qua quy tr\u00ecnh th\u00f4ng su\u1ed1t v\u00e0, v\u00ec v\u1eady, c\u00f3 th\u1ec3 ng\u0103n ng\u1eeba m\u1ecdi t\u1ed5n th\u1ea5t ph\u00e1t sinh kh\u00f4ng mong mu\u1ed1n.<\/p>\n\t\t\t\t\t\t<\/div>\n\t\t\t\t<\/div>\n\t\t\t\t<div class=\"elementor-element elementor-element-ffb1a45 elementor-widget elementor-widget-text-editor\" data-id=\"ffb1a45\" data-element_type=\"widget\" data-widget_type=\"text-editor.default\">\n\t\t\t\t<div class=\"elementor-widget-container\">\n\t\t\t\t\t\t\t<p>Ch\u00fang t\u00f4i c\u0169ng c\u00f3 th\u1ec3 s\u1eafp x\u1ebfp c\u00e1c d\u1ecbch v\u1ee5 logistics n\u1ed9i \u0111\u1ecba nh\u01b0 v\u1eadn t\u1ea3i \u0111\u01b0\u1eddng b\u1ed9, kho b\u00e3i, l\u01b0u tr\u00fa, c\u00e2n h\u00e0ng, \u0111\u00f3ng g\u00f3i\u2026 trong tr\u01b0\u1eddng h\u1ee3p kh\u00e1ch h\u00e0ng c\u1ee7a ch\u00fang t\u00f4i c\u00f3 nhu c\u1ea7u.<\/p>\n\t\t\t\t\t\t<\/div>\n\t\t\t\t<\/div>\n\t\t\t\t\t<\/div>\n\t\t<\/div>\n\t\t\t\t\t<\/div>\n\t\t<\/section>\n\t\t\t\t<\/div>\n\t\t","protected":false},"excerpt":{"rendered":"<p>D\u1ecbch v\u1ee5 khai thu\u00ea h\u1ea3i quan h\u1ed7 tr\u1ee3 kh\u00e1ch h\u00e0ng c\u1ee7a ch\u00fang t\u00f4i l\u00e0m th\u1ee7 t\u1ee5c th\u00f4ng quan cho c\u00e1c b\u1ea5t k\u1ec3 l\u00f4 h\u00e0ng xu\u1ea5t nh\u1eadp kh\u1ea9u n\u00e0o. Ch\u00fang t\u00f4i chuy\u00ean l\u00e0m th\u1ee7 t\u1ee5c h\u1ea3i quan ph\u00f9 h\u1ee3p v\u1edbi quy \u0111\u1ecbnh c\u1ee7a H\u1ea3i quan Vi\u1ec7t Nam v\u00e0 c\u00e1c quy \u0111\u1ecbnh v\u1ec1 h\u00e0ng h\u00f3a, m\u00e3 s\u1ed1 [&hellip;]<\/p>\n","protected":false},"author":2,"featured_media":0,"parent":0,"menu_order":0,"comment_status":"closed","ping_status":"closed","template":"elementor_header_footer","meta":{"site-sidebar-layout":"no-sidebar","site-content-layout":"page-builder","ast-site-content-layout":"","site-content-style":"default","site-sidebar-style":"default","ast-global-header-display":"","ast-banner-title-visibility":"","ast-main-header-display":"","ast-hfb-above-header-display":"","ast-hfb-below-header-display":"","ast-hfb-mobile-header-display":"","site-post-title":"disabled","ast-breadcrumbs-content":"","ast-featured-img":"disabled","footer-sml-layout":"","theme-transparent-header-meta":"default","adv-header-id-meta":"","stick-header-meta":"default","header-above-stick-meta":"","header-main-stick-meta":"","header-below-stick-meta":"","astra-migrate-meta-layouts":"default","ast-page-background-enabled":"default","ast-page-background-meta":{"desktop":{"background-color":"var(--ast-global-color-4)","background-image":"","background-repeat":"repeat","background-position":"center center","background-size":"auto","background-attachment":"scroll","background-type":"","background-media":"","overlay-type":"","overlay-color":"","overlay-opacity":"","overlay-gradient":""},"tablet":{"background-color":"","background-image":"","background-repeat":"repeat","background-position":"center center","background-size":"auto","background-attachment":"scroll","background-type":"","background-media":"","overlay-type":"","overlay-color":"","overlay-opacity":"","overlay-gradient":""},"mobile":{"background-color":"","background-image":"","background-repeat":"repeat","background-position":"center center","background-size":"auto","background-attachment":"scroll","background-type":"","background-media":"","overlay-type":"","overlay-color":"","overlay-opacity":"","overlay-gradient":""}},"ast-content-background-meta":{"desktop":{"background-color":"var(--ast-global-color-5)","background-image":"","background-repeat":"repeat","background-position":"center center","background-size":"auto","background-attachment":"scroll","background-type":"","background-media":"","overlay-type":"","overlay-color":"","overlay-opacity":"","overlay-gradient":""},"tablet":{"background-color":"var(--ast-global-color-5)","background-image":"","background-repeat":"repeat","background-position":"center center","background-size":"auto","background-attachment":"scroll","background-type":"","background-media":"","overlay-type":"","overlay-color":"","overlay-opacity":"","overlay-gradient":""},"mobile":{"background-color":"var(--ast-global-color-5)","background-image":"","background-repeat":"repeat","background-position":"center center","background-size":"auto","background-attachment":"scroll","background-type":"","background-media":"","overlay-type":"","overlay-color":"","overlay-opacity":"","overlay-gradient":""}},"footnotes":""},"class_list":["post-1429","page","type-page","status-publish","hentry"],"_links":{"self":[{"href":"https:\/\/sunlog.com.vn\/vi\/wp-json\/wp\/v2\/pages\/1429","targetHints":{"allow":["GET"]}}],"collection":[{"href":"https:\/\/sunlog.com.vn\/vi\/wp-json\/wp\/v2\/pages"}],"about":[{"href":"https:\/\/sunlog.com.vn\/vi\/wp-json\/wp\/v2\/types\/page"}],"author":[{"embeddable":true,"href":"https:\/\/sunlog.com.vn\/vi\/wp-json\/wp\/v2\/users\/2"}],"replies":[{"embeddable":true,"href":"https:\/\/sunlog.com.vn\/vi\/wp-json\/wp\/v2\/comments?post=1429"}],"version-history":[{"count":1,"href":"https:\/\/sunlog.com.vn\/vi\/wp-json\/wp\/v2\/pages\/1429\/revisions"}],"predecessor-version":[{"id":1431,"href":"https:\/\/sunlog.com.vn\/vi\/wp-json\/wp\/v2\/pages\/1429\/revisions\/1431"}],"wp:attachment":[{"href":"https:\/\/sunlog.com.vn\/vi\/wp-json\/wp\/v2\/media?parent=1429"}],"curies":[{"name":"wp","href":"https:\/\/api.w.org\/{rel}","templated":true}]}}