{"id":1448,"date":"2023-05-13T16:42:13","date_gmt":"2023-05-13T09:42:13","guid":{"rendered":"https:\/\/sunlog.greensoft.vn\/ocean-freight-forwarding\/"},"modified":"2023-05-17T15:30:13","modified_gmt":"2023-05-17T08:30:13","slug":"ocean-freight-forwarding","status":"publish","type":"page","link":"https:\/\/sunlog.com.vn\/vi\/ocean-freight-forwarding\/","title":{"rendered":"Ocean freight Forwarding"},"content":{"rendered":"\t\t<div data-elementor-type=\"wp-page\" data-elementor-id=\"1448\" class=\"elementor elementor-1448\" data-elementor-post-type=\"page\">\n\t\t\t\t\t\t<section class=\"elementor-section elementor-top-section elementor-element elementor-element-d0ceabe elementor-section-height-min-height elementor-section-boxed elementor-section-height-default elementor-section-items-middle\" data-id=\"d0ceabe\" data-element_type=\"section\" data-settings=\"{&quot;jet_parallax_layout_list&quot;:[],&quot;background_background&quot;:&quot;classic&quot;}\">\n\t\t\t\t\t\t\t<div class=\"elementor-background-overlay\"><\/div>\n\t\t\t\t\t\t\t<div class=\"elementor-container elementor-column-gap-default\">\n\t\t\t\t\t<div class=\"elementor-column elementor-col-100 elementor-top-column elementor-element elementor-element-c775854\" data-id=\"c775854\" data-element_type=\"column\">\n\t\t\t<div class=\"elementor-widget-wrap elementor-element-populated\">\n\t\t\t\t\t\t\t<\/div>\n\t\t<\/div>\n\t\t\t\t\t<\/div>\n\t\t<\/section>\n\t\t\t\t<section class=\"elementor-section elementor-top-section elementor-element elementor-element-80936b9 elementor-section-boxed elementor-section-height-default elementor-section-height-default\" data-id=\"80936b9\" data-element_type=\"section\" data-settings=\"{&quot;jet_parallax_layout_list&quot;:[]}\">\n\t\t\t\t\t\t<div class=\"elementor-container elementor-column-gap-default\">\n\t\t\t\t\t<div class=\"elementor-column elementor-col-100 elementor-top-column elementor-element elementor-element-1403ee8\" data-id=\"1403ee8\" data-element_type=\"column\">\n\t\t\t<div class=\"elementor-widget-wrap elementor-element-populated\">\n\t\t\t\t\t\t<div class=\"elementor-element elementor-element-e20462d elementor-widget elementor-widget-shortcode\" data-id=\"e20462d\" data-element_type=\"widget\" data-widget_type=\"shortcode.default\">\n\t\t\t\t<div class=\"elementor-widget-container\">\n\t\t\t\t\t<div class=\"elementor-shortcode\"><nav aria-label=\"breadcrumbs\" class=\"rank-math-breadcrumb\"><p><span class=\"last\">Trang ch\u1ee7<\/span><\/p><\/nav><\/div>\n\t\t\t\t<\/div>\n\t\t\t\t<\/div>\n\t\t\t\t\t<\/div>\n\t\t<\/div>\n\t\t\t\t\t<\/div>\n\t\t<\/section>\n\t\t\t\t<section class=\"elementor-section elementor-top-section elementor-element elementor-element-7656509 elementor-section-boxed elementor-section-height-default elementor-section-height-default\" data-id=\"7656509\" data-element_type=\"section\" data-settings=\"{&quot;jet_parallax_layout_list&quot;:[]}\">\n\t\t\t\t\t\t<div class=\"elementor-container elementor-column-gap-default\">\n\t\t\t\t\t<div class=\"elementor-column elementor-col-100 elementor-top-column elementor-element elementor-element-7d202e2\" data-id=\"7d202e2\" data-element_type=\"column\">\n\t\t\t<div class=\"elementor-widget-wrap elementor-element-populated\">\n\t\t\t\t\t\t<div class=\"elementor-element elementor-element-43300bb elementor-widget elementor-widget-text-editor\" data-id=\"43300bb\" data-element_type=\"widget\" data-widget_type=\"text-editor.default\">\n\t\t\t\t<div class=\"elementor-widget-container\">\n\t\t\t\t\t\t\t<p>V\u1eadn chuy\u1ec3n h\u00e0ng h\u00f3a b\u1eb1ng \u0111\u01b0\u1eddng bi\u1ec3n l\u00e0 gi\u1ea3i ph\u00e1p t\u1ed1t nh\u1ea5t cho h\u00e0ng h\u00f3a c\u00f3 kh\u1ed1i l\u01b0\u1ee3ng l\u1edbn v\u1edbi chi ph\u00ed th\u1ea5p. V\u1edbi m\u1ed1i quan h\u1ec7 h\u1ee3p t\u00e1c ch\u1eb7t ch\u1ebd v\u1edbi c\u00e1c h\u00e3ng t\u00e0u qu\u1ed1c t\u1ebf v\u00e0 kinh nghi\u1ec7m l\u00e2u n\u0103m, ch\u00fang t\u00f4i c\u00f3 th\u1ec3 cung c\u1ea5p d\u1ecbch v\u1ee5 v\u1eadn t\u1ea3i \u0111\u01b0\u1eddng bi\u1ec3n \u0111i to\u00e0n c\u1ea7u v\u1edbi nhi\u1ec1u lo\u1ea1i d\u1ecbch v\u1ee5 v\u1eadn chuy\u1ec3n h\u00e0ng h\u00f3a kh\u00e1c nhau. Ch\u00fang t\u00f4i c\u00f3 th\u1ec3 ti\u1ebfp nh\u1eadn b\u1ea5t k\u1ef3 l\u00f4 H\u00e0ng l\u1ebb, H\u00e0ng Nguy\u00ean Container v\u00e0 H\u00e0ng r\u1eddi n\u00e0o c\u00f9ng v\u1edbi c\u00e1c d\u1ecbch v\u1ee5 v\u1eadn t\u1ea3i \u0111\u01b0\u1eddng bi\u1ec3n \u0111\u01b0\u1ee3c c\u00e1 nh\u00e2n h\u00f3a \u0111\u1ec3 cung c\u1ea5p c\u00e1c gi\u1ea3i ph\u00e1p t\u1ed1t nh\u1ea5t cho m\u1ecdi y\u00eau c\u1ea7u c\u1ee7a kh\u00e1ch h\u00e0ng. \u0110\u1ec3 gi\u1eef chu\u1ed7i cung \u1ee9ng \u1ed5n \u0111\u1ecbnh, ch\u00fang t\u00f4i s\u1ebd \u0111\u1ea3m b\u1ea3o c\u00e1c l\u00f4 h\u00e0ng \u0111\u01b0\u1ee3c kh\u1edfi h\u00e0nh \u0111\u00fang l\u1ecbch d\u1ef1 ki\u1ebfn v\u00e0 th\u1eddi gian v\u1eadn chuy\u1ec3n tin c\u1eady qua d\u1ecbch v\u1ee5 v\u1eadn t\u1ea3i \u0111\u01b0\u1eddng bi\u1ec3n c\u1ee7a ch\u00fang t\u00f4i.<\/p>\n\t\t\t\t\t\t<\/div>\n\t\t\t\t<\/div>\n\t\t\t\t\t<\/div>\n\t\t<\/div>\n\t\t\t\t\t<\/div>\n\t\t<\/section>\n\t\t\t\t<\/div>\n\t\t","protected":false},"excerpt":{"rendered":"<p>V\u1eadn chuy\u1ec3n h\u00e0ng h\u00f3a b\u1eb1ng \u0111\u01b0\u1eddng bi\u1ec3n l\u00e0 gi\u1ea3i ph\u00e1p t\u1ed1t nh\u1ea5t cho h\u00e0ng h\u00f3a c\u00f3 kh\u1ed1i l\u01b0\u1ee3ng l\u1edbn v\u1edbi chi ph\u00ed th\u1ea5p. V\u1edbi m\u1ed1i quan h\u1ec7 h\u1ee3p t\u00e1c ch\u1eb7t ch\u1ebd v\u1edbi c\u00e1c h\u00e3ng t\u00e0u qu\u1ed1c t\u1ebf v\u00e0 kinh nghi\u1ec7m l\u00e2u n\u0103m, ch\u00fang t\u00f4i c\u00f3 th\u1ec3 cung c\u1ea5p d\u1ecbch v\u1ee5 v\u1eadn t\u1ea3i \u0111\u01b0\u1eddng bi\u1ec3n \u0111i [&hellip;]<\/p>\n","protected":false},"author":2,"featured_media":0,"parent":0,"menu_order":0,"comment_status":"closed","ping_status":"closed","template":"elementor_header_footer","meta":{"site-sidebar-layout":"no-sidebar","site-content-layout":"page-builder","ast-site-content-layout":"","site-content-style":"default","site-sidebar-style":"default","ast-global-header-display":"","ast-banner-title-visibility":"","ast-main-header-display":"","ast-hfb-above-header-display":"","ast-hfb-below-header-display":"","ast-hfb-mobile-header-display":"","site-post-title":"disabled","ast-breadcrumbs-content":"","ast-featured-img":"disabled","footer-sml-layout":"","theme-transparent-header-meta":"default","adv-header-id-meta":"","stick-header-meta":"default","header-above-stick-meta":"","header-main-stick-meta":"","header-below-stick-meta":"","astra-migrate-meta-layouts":"default","ast-page-background-enabled":"default","ast-page-background-meta":{"desktop":{"background-color":"var(--ast-global-color-4)","background-image":"","background-repeat":"repeat","background-position":"center center","background-size":"auto","background-attachment":"scroll","background-type":"","background-media":"","overlay-type":"","overlay-color":"","overlay-opacity":"","overlay-gradient":""},"tablet":{"background-color":"","background-image":"","background-repeat":"repeat","background-position":"center center","background-size":"auto","background-attachment":"scroll","background-type":"","background-media":"","overlay-type":"","overlay-color":"","overlay-opacity":"","overlay-gradient":""},"mobile":{"background-color":"","background-image":"","background-repeat":"repeat","background-position":"center center","background-size":"auto","background-attachment":"scroll","background-type":"","background-media":"","overlay-type":"","overlay-color":"","overlay-opacity":"","overlay-gradient":""}},"ast-content-background-meta":{"desktop":{"background-color":"var(--ast-global-color-5)","background-image":"","background-repeat":"repeat","background-position":"center center","background-size":"auto","background-attachment":"scroll","background-type":"","background-media":"","overlay-type":"","overlay-color":"","overlay-opacity":"","overlay-gradient":""},"tablet":{"background-color":"var(--ast-global-color-5)","background-image":"","background-repeat":"repeat","background-position":"center center","background-size":"auto","background-attachment":"scroll","background-type":"","background-media":"","overlay-type":"","overlay-color":"","overlay-opacity":"","overlay-gradient":""},"mobile":{"background-color":"var(--ast-global-color-5)","background-image":"","background-repeat":"repeat","background-position":"center center","background-size":"auto","background-attachment":"scroll","background-type":"","background-media":"","overlay-type":"","overlay-color":"","overlay-opacity":"","overlay-gradient":""}},"footnotes":""},"class_list":["post-1448","page","type-page","status-publish","hentry"],"_links":{"self":[{"href":"https:\/\/sunlog.com.vn\/vi\/wp-json\/wp\/v2\/pages\/1448","targetHints":{"allow":["GET"]}}],"collection":[{"href":"https:\/\/sunlog.com.vn\/vi\/wp-json\/wp\/v2\/pages"}],"about":[{"href":"https:\/\/sunlog.com.vn\/vi\/wp-json\/wp\/v2\/types\/page"}],"author":[{"embeddable":true,"href":"https:\/\/sunlog.com.vn\/vi\/wp-json\/wp\/v2\/users\/2"}],"replies":[{"embeddable":true,"href":"https:\/\/sunlog.com.vn\/vi\/wp-json\/wp\/v2\/comments?post=1448"}],"version-history":[{"count":1,"href":"https:\/\/sunlog.com.vn\/vi\/wp-json\/wp\/v2\/pages\/1448\/revisions"}],"predecessor-version":[{"id":1450,"href":"https:\/\/sunlog.com.vn\/vi\/wp-json\/wp\/v2\/pages\/1448\/revisions\/1450"}],"wp:attachment":[{"href":"https:\/\/sunlog.com.vn\/vi\/wp-json\/wp\/v2\/media?parent=1448"}],"curies":[{"name":"wp","href":"https:\/\/api.w.org\/{rel}","templated":true}]}}