{"id":24,"date":"2023-05-13T16:33:21","date_gmt":"2023-05-13T09:33:21","guid":{"rendered":"https:\/\/sunlog.greensoft.vn\/?page_id=24"},"modified":"2023-10-23T09:20:28","modified_gmt":"2023-10-23T02:20:28","slug":"tong-quan","status":"publish","type":"page","link":"https:\/\/sunlog.com.vn\/vi\/tong-quan\/","title":{"rendered":"T\u1ed5ng quan"},"content":{"rendered":"\t\t<div data-elementor-type=\"wp-page\" data-elementor-id=\"24\" class=\"elementor elementor-24\" data-elementor-post-type=\"page\">\n\t\t\t\t\t\t<section class=\"elementor-section elementor-top-section elementor-element elementor-element-1f0f9cc elementor-section-full_width elementor-section-height-default elementor-section-height-default\" data-id=\"1f0f9cc\" data-element_type=\"section\" data-settings=\"{&quot;jet_parallax_layout_list&quot;:[]}\">\n\t\t\t\t\t\t<div class=\"elementor-container elementor-column-gap-no\">\n\t\t\t\t\t<div class=\"elementor-column elementor-col-100 elementor-top-column elementor-element elementor-element-4941939\" data-id=\"4941939\" data-element_type=\"column\">\n\t\t\t<div class=\"elementor-widget-wrap elementor-element-populated\">\n\t\t\t\t\t\t<div class=\"elementor-element elementor-element-0d657db elementor--h-position-center elementor--v-position-middle elementor-arrows-position-inside elementor-widget elementor-widget-slides\" data-id=\"0d657db\" data-element_type=\"widget\" data-settings=\"{&quot;navigation&quot;:&quot;arrows&quot;,&quot;infinite&quot;:&quot;yes&quot;,&quot;transition&quot;:&quot;slide&quot;,&quot;transition_speed&quot;:500}\" data-widget_type=\"slides.default\">\n\t\t\t\t<div class=\"elementor-widget-container\">\n\t\t\t\t\t<div class=\"elementor-swiper\">\n\t\t\t<div class=\"elementor-slides-wrapper elementor-main-swiper swiper\" dir=\"ltr\" data-animation=\"fadeInUp\">\n\t\t\t\t<div class=\"swiper-wrapper elementor-slides\">\n\t\t\t\t\t\t\t\t\t\t<div class=\"elementor-repeater-item-e1060e0 swiper-slide\"><div class=\"swiper-slide-bg\" role=\"img\"><\/div><div class=\"swiper-slide-inner\" ><div class=\"swiper-slide-contents\"><\/div><\/div><\/div>\t\t\t\t<\/div>\n\t\t\t\t\t\t\t<\/div>\n\t\t<\/div>\n\t\t\t\t<\/div>\n\t\t\t\t<\/div>\n\t\t\t\t\t<\/div>\n\t\t<\/div>\n\t\t\t\t\t<\/div>\n\t\t<\/section>\n\t\t\t\t<section class=\"elementor-section elementor-top-section elementor-element elementor-element-a2c6ad1 elementor-section-boxed elementor-section-height-default elementor-section-height-default\" data-id=\"a2c6ad1\" data-element_type=\"section\" data-settings=\"{&quot;jet_parallax_layout_list&quot;:[]}\">\n\t\t\t\t\t\t<div class=\"elementor-container elementor-column-gap-default\">\n\t\t\t\t\t<div class=\"elementor-column elementor-col-100 elementor-top-column elementor-element elementor-element-a9aeccb\" data-id=\"a9aeccb\" data-element_type=\"column\">\n\t\t\t<div class=\"elementor-widget-wrap elementor-element-populated\">\n\t\t\t\t\t\t<div class=\"elementor-element elementor-element-e35c3bb elementor-widget elementor-widget-shortcode\" data-id=\"e35c3bb\" data-element_type=\"widget\" data-widget_type=\"shortcode.default\">\n\t\t\t\t<div class=\"elementor-widget-container\">\n\t\t\t\t\t<div class=\"elementor-shortcode\"><nav aria-label=\"breadcrumbs\" class=\"rank-math-breadcrumb\"><p><span class=\"last\">Trang ch\u1ee7<\/span><\/p><\/nav><\/div>\n\t\t\t\t<\/div>\n\t\t\t\t<\/div>\n\t\t\t\t\t<\/div>\n\t\t<\/div>\n\t\t\t\t\t<\/div>\n\t\t<\/section>\n\t\t\t\t<section class=\"elementor-section elementor-top-section elementor-element elementor-element-836a7a6 elementor-section-boxed elementor-section-height-default elementor-section-height-default\" data-id=\"836a7a6\" data-element_type=\"section\" data-settings=\"{&quot;jet_parallax_layout_list&quot;:[],&quot;background_background&quot;:&quot;classic&quot;}\">\n\t\t\t\t\t\t<div class=\"elementor-container elementor-column-gap-default\">\n\t\t\t\t\t<div class=\"elementor-column elementor-col-100 elementor-top-column elementor-element elementor-element-61383a2\" data-id=\"61383a2\" data-element_type=\"column\">\n\t\t\t<div class=\"elementor-widget-wrap elementor-element-populated\">\n\t\t\t\t\t\t\t<\/div>\n\t\t<\/div>\n\t\t\t\t\t<\/div>\n\t\t<\/section>\n\t\t\t\t<section class=\"elementor-section elementor-top-section elementor-element elementor-element-abbbbd8 elementor-section-boxed elementor-section-height-default elementor-section-height-default\" data-id=\"abbbbd8\" data-element_type=\"section\" data-settings=\"{&quot;jet_parallax_layout_list&quot;:[]}\">\n\t\t\t\t\t\t<div class=\"elementor-container elementor-column-gap-default\">\n\t\t\t\t\t<div class=\"elementor-column elementor-col-100 elementor-top-column elementor-element elementor-element-31268cc\" data-id=\"31268cc\" data-element_type=\"column\">\n\t\t\t<div class=\"elementor-widget-wrap elementor-element-populated\">\n\t\t\t\t\t\t<div class=\"elementor-element elementor-element-2161db1 elementor-widget elementor-widget-text-editor\" data-id=\"2161db1\" data-element_type=\"widget\" data-widget_type=\"text-editor.default\">\n\t\t\t\t<div class=\"elementor-widget-container\">\n\t\t\t\t\t\t\t<p><strong>C\u00d4NG TY TNHH D\u1ecaCH V\u1ee4 GIAO NH\u1eacN V\u00c0 TH\u01af\u01a0NG M\u1ea0I R\u1ea0NG \u0110\u00d4NG<\/strong>\u00a0\u0111\u01b0\u1ee3c th\u00e0nh l\u1eadp v\u00e0o cu\u1ed1i m\u00f9a Xu\u00e2n n\u0103m 2023 t\u1ea1i Th\u00e0nh ph\u1ed1 bi\u1ec3n Quy Nh\u01a1n trong b\u1ed1i c\u1ea3nh Vi\u1ec7t Nam \u0111ang ph\u00e1t tri\u1ec3n v\u00e0 hi\u1ec7n \u0111\u1ea1i h\u00f3a nhanh ch\u00f3ng. Ch\u00fang ta \u0111\u1ec1u bi\u1ebft r\u1eb1ng ho\u1ea1t \u0111\u1ed9ng logistics \u0111\u00f3ng m\u1ed9t vai tr\u00f2 c\u1ef1c k\u1ef3 quan tr\u1ecdng trong th\u01b0\u01a1ng m\u1ea1i to\u00e0n c\u1ea7u. V\u00ec v\u1eady, ch\u00fang t\u00f4i mu\u1ed1n cung c\u1ea5p c\u00e1c d\u1ecbch v\u1ee5 \u0111\u1ea1i l\u00fd h\u00e0ng h\u1ea3i, d\u1ecbch v\u1ee5 logistics ch\u1ea5t l\u01b0\u1ee3ng cao, \u0111\u1ed3ng th\u1eddi l\u00e0 c\u1ea7u n\u1ed1i th\u01b0\u01a1ng m\u1ea1i tin c\u1eady cho c\u1ea3 c\u00e1c kh\u00e1ch h\u00e0ng trong n\u01b0\u1edbc v\u00e0 qu\u1ed1c t\u1ebf. Ch\u00fang t\u00f4i h\u01b0\u1edbng t\u1edbi vi\u1ec7c duy tr\u00ec s\u1ef1 t\u0103ng tr\u01b0\u1edfng kinh doanh c\u1ee7a kh\u00e1ch h\u00e0ng h\u00f2a nh\u1ecbp v\u1edbi t\u1ed1c \u0111\u1ed9 ph\u00e1t tri\u1ec3n c\u1ee7a n\u1ec1n kinh t\u1ebf b\u1eb1ng c\u00e1c d\u1ecbch v\u1ee5 t\u00e2m huy\u1ebft c\u1ee7a m\u00ecnh.<\/p>\t\t\t\t\t\t<\/div>\n\t\t\t\t<\/div>\n\t\t\t\t<div class=\"elementor-element elementor-element-c741b44 elementor-widget elementor-widget-heading\" data-id=\"c741b44\" data-element_type=\"widget\" data-widget_type=\"heading.default\">\n\t\t\t\t<div class=\"elementor-widget-container\">\n\t\t\t<div class=\"elementor-heading-title elementor-size-default\">NHANH CH\u00d3NG - T\u1eacN T\u00ccNH - CHUY\u00caN NGHI\u1ec6P<\/div>\t\t<\/div>\n\t\t\t\t<\/div>\n\t\t\t\t<div class=\"elementor-element elementor-element-d0282c5 elementor-widget-divider--view-line elementor-widget elementor-widget-divider\" data-id=\"d0282c5\" data-element_type=\"widget\" data-widget_type=\"divider.default\">\n\t\t\t\t<div class=\"elementor-widget-container\">\n\t\t\t\t\t<div class=\"elementor-divider\">\n\t\t\t<span class=\"elementor-divider-separator\">\n\t\t\t\t\t\t<\/span>\n\t\t<\/div>\n\t\t\t\t<\/div>\n\t\t\t\t<\/div>\n\t\t\t\t<div class=\"elementor-element elementor-element-6f97100 elementor-widget elementor-widget-jet-carousel\" data-id=\"6f97100\" data-element_type=\"widget\" data-settings=\"{&quot;slides_to_show&quot;:&quot;3&quot;,&quot;slides_to_show_mobile&quot;:&quot;3&quot;,&quot;slides_to_scroll_mobile&quot;:&quot;1&quot;,&quot;slides_to_scroll&quot;:&quot;1&quot;}\" data-widget_type=\"jet-carousel.default\">\n\t\t\t\t<div class=\"elementor-widget-container\">\n\t\t\t<div class=\"elementor-jet-carousel jet-elements\"><div class=\"jet-carousel-wrap\">\n\t<div class=\"jet-carousel\" data-slider_options=\"{&quot;autoplaySpeed&quot;:5000,&quot;autoplay&quot;:true,&quot;infinite&quot;:true,&quot;centerMode&quot;:false,&quot;centerPadding&quot;:&quot;50px&quot;,&quot;pauseOnHover&quot;:false,&quot;speed&quot;:500,&quot;arrows&quot;:false,&quot;dots&quot;:false,&quot;variableWidth&quot;:false,&quot;prevArrow&quot;:&quot;.jet-carousel__prev-arrow-6f97100&quot;,&quot;nextArrow&quot;:&quot;.jet-carousel__next-arrow-6f97100&quot;,&quot;rtl&quot;:false,&quot;fractionNav&quot;:false}\" dir=\"ltr\">\n\t<div class=\"elementor-slick-slider\">\n\n<div class=\"jet-carousel__item\">\n\t<div class=\"jet-carousel__item-inner\"><div class=\"jet-carousel__content\"><h5 class=\"jet-carousel__item-title\"><a href=\"\/vi\/tong-quan\/\">T\u1ed5ng Quan<\/a><\/h5><\/div><\/div>\n<\/div>\n\n<div class=\"jet-carousel__item\">\n\t<div class=\"jet-carousel__item-inner\"><div class=\"jet-carousel__content\"><h5 class=\"jet-carousel__item-title\"><a href=\"\/vi\/su-menh-tam-nhin\/\">S\u1ee9 m\u1ec7nh - T\u1ea7m nh\u00ecn<\/a><\/h5><\/div><\/div>\n<\/div>\n\n<div class=\"jet-carousel__item\">\n\t<div class=\"jet-carousel__item-inner\"><div class=\"jet-carousel__content\"><h5 class=\"jet-carousel__item-title\"><a href=\"\/vi\/ban-lanh-dao\/\">Nh\u00e2n s\u01b0\u0323 c\u00f4\u0301t lo\u0303i<\/a><\/h5><\/div><\/div>\n<\/div>\n<\/div><\/div>\n<\/div>\n<\/div>\t\t<\/div>\n\t\t\t\t<\/div>\n\t\t\t\t\t<\/div>\n\t\t<\/div>\n\t\t\t\t\t<\/div>\n\t\t<\/section>\n\t\t\t\t<\/div>\n\t\t","protected":false},"excerpt":{"rendered":"<p>C\u00d4NG TY TNHH D\u1ecaCH V\u1ee4 GIAO NH\u1eacN V\u00c0 TH\u01af\u01a0NG M\u1ea0I R\u1ea0NG \u0110\u00d4NG\u00a0\u0111\u01b0\u1ee3c th\u00e0nh l\u1eadp v\u00e0o cu\u1ed1i m\u00f9a Xu\u00e2n n\u0103m 2023 t\u1ea1i Th\u00e0nh ph\u1ed1 bi\u1ec3n Quy Nh\u01a1n trong b\u1ed1i c\u1ea3nh Vi\u1ec7t Nam \u0111ang ph\u00e1t tri\u1ec3n v\u00e0 hi\u1ec7n \u0111\u1ea1i h\u00f3a nhanh ch\u00f3ng. Ch\u00fang ta \u0111\u1ec1u bi\u1ebft r\u1eb1ng ho\u1ea1t \u0111\u1ed9ng logistics \u0111\u00f3ng m\u1ed9t vai tr\u00f2 c\u1ef1c k\u1ef3 quan [&hellip;]<\/p>\n","protected":false},"author":2,"featured_media":0,"parent":0,"menu_order":0,"comment_status":"closed","ping_status":"closed","template":"elementor_header_footer","meta":{"site-sidebar-layout":"no-sidebar","site-content-layout":"page-builder","ast-site-content-layout":"","site-content-style":"default","site-sidebar-style":"default","ast-global-header-display":"","ast-banner-title-visibility":"","ast-main-header-display":"","ast-hfb-above-header-display":"","ast-hfb-below-header-display":"","ast-hfb-mobile-header-display":"","site-post-title":"disabled","ast-breadcrumbs-content":"","ast-featured-img":"disabled","footer-sml-layout":"","theme-transparent-header-meta":"default","adv-header-id-meta":"","stick-header-meta":"default","header-above-stick-meta":"","header-main-stick-meta":"","header-below-stick-meta":"","astra-migrate-meta-layouts":"default","ast-page-background-enabled":"default","ast-page-background-meta":{"desktop":{"background-color":"var(--ast-global-color-4)","background-image":"","background-repeat":"repeat","background-position":"center center","background-size":"auto","background-attachment":"scroll","background-type":"","background-media":"","overlay-type":"","overlay-color":"","overlay-opacity":"","overlay-gradient":""},"tablet":{"background-color":"","background-image":"","background-repeat":"repeat","background-position":"center center","background-size":"auto","background-attachment":"scroll","background-type":"","background-media":"","overlay-type":"","overlay-color":"","overlay-opacity":"","overlay-gradient":""},"mobile":{"background-color":"","background-image":"","background-repeat":"repeat","background-position":"center center","background-size":"auto","background-attachment":"scroll","background-type":"","background-media":"","overlay-type":"","overlay-color":"","overlay-opacity":"","overlay-gradient":""}},"ast-content-background-meta":{"desktop":{"background-color":"var(--ast-global-color-5)","background-image":"","background-repeat":"repeat","background-position":"center center","background-size":"auto","background-attachment":"scroll","background-type":"","background-media":"","overlay-type":"","overlay-color":"","overlay-opacity":"","overlay-gradient":""},"tablet":{"background-color":"var(--ast-global-color-5)","background-image":"","background-repeat":"repeat","background-position":"center center","background-size":"auto","background-attachment":"scroll","background-type":"","background-media":"","overlay-type":"","overlay-color":"","overlay-opacity":"","overlay-gradient":""},"mobile":{"background-color":"var(--ast-global-color-5)","background-image":"","background-repeat":"repeat","background-position":"center center","background-size":"auto","background-attachment":"scroll","background-type":"","background-media":"","overlay-type":"","overlay-color":"","overlay-opacity":"","overlay-gradient":""}},"footnotes":""},"class_list":["post-24","page","type-page","status-publish","hentry"],"_links":{"self":[{"href":"https:\/\/sunlog.com.vn\/vi\/wp-json\/wp\/v2\/pages\/24","targetHints":{"allow":["GET"]}}],"collection":[{"href":"https:\/\/sunlog.com.vn\/vi\/wp-json\/wp\/v2\/pages"}],"about":[{"href":"https:\/\/sunlog.com.vn\/vi\/wp-json\/wp\/v2\/types\/page"}],"author":[{"embeddable":true,"href":"https:\/\/sunlog.com.vn\/vi\/wp-json\/wp\/v2\/users\/2"}],"replies":[{"embeddable":true,"href":"https:\/\/sunlog.com.vn\/vi\/wp-json\/wp\/v2\/comments?post=24"}],"version-history":[{"count":106,"href":"https:\/\/sunlog.com.vn\/vi\/wp-json\/wp\/v2\/pages\/24\/revisions"}],"predecessor-version":[{"id":2210,"href":"https:\/\/sunlog.com.vn\/vi\/wp-json\/wp\/v2\/pages\/24\/revisions\/2210"}],"wp:attachment":[{"href":"https:\/\/sunlog.com.vn\/vi\/wp-json\/wp\/v2\/media?parent=24"}],"curies":[{"name":"wp","href":"https:\/\/api.w.org\/{rel}","templated":true}]}}