{"id":33,"date":"2023-05-13T16:33:31","date_gmt":"2023-05-13T09:33:31","guid":{"rendered":"https:\/\/sunlog.greensoft.vn\/?page_id=33"},"modified":"2023-10-23T10:19:35","modified_gmt":"2023-10-23T03:19:35","slug":"su-menh-tam-nhin","status":"publish","type":"page","link":"https:\/\/sunlog.com.vn\/vi\/su-menh-tam-nhin\/","title":{"rendered":"S\u1ee9 m\u1ec7nh &#8211; T\u1ea7m nh\u00ecn"},"content":{"rendered":"\t\t<div data-elementor-type=\"wp-page\" data-elementor-id=\"33\" class=\"elementor elementor-33\" data-elementor-post-type=\"page\">\n\t\t\t\t\t\t<section class=\"elementor-section elementor-top-section elementor-element elementor-element-2dd778d elementor-section-full_width elementor-section-height-default elementor-section-height-default\" data-id=\"2dd778d\" data-element_type=\"section\" data-settings=\"{&quot;jet_parallax_layout_list&quot;:[]}\">\n\t\t\t\t\t\t<div class=\"elementor-container elementor-column-gap-default\">\n\t\t\t\t\t<div class=\"elementor-column elementor-col-100 elementor-top-column elementor-element elementor-element-a4b9f5c\" data-id=\"a4b9f5c\" data-element_type=\"column\">\n\t\t\t<div class=\"elementor-widget-wrap elementor-element-populated\">\n\t\t\t\t\t\t<div class=\"elementor-element elementor-element-c647403 elementor-widget elementor-widget-image\" data-id=\"c647403\" data-element_type=\"widget\" data-widget_type=\"image.default\">\n\t\t\t\t<div class=\"elementor-widget-container\">\n\t\t\t\t\t\t\t\t\t\t\t\t\t<img fetchpriority=\"high\" decoding=\"async\" width=\"768\" height=\"432\" src=\"https:\/\/sunlog.com.vn\/wp-content\/uploads\/2023\/05\/SUNRISE-AT-SEA-768x432.jpg\" class=\"attachment-medium_large size-medium_large wp-image-1716\" alt=\"\" srcset=\"https:\/\/sunlog.com.vn\/wp-content\/uploads\/2023\/05\/SUNRISE-AT-SEA-768x432.jpg 768w, https:\/\/sunlog.com.vn\/wp-content\/uploads\/2023\/05\/SUNRISE-AT-SEA-300x169.jpg 300w, https:\/\/sunlog.com.vn\/wp-content\/uploads\/2023\/05\/SUNRISE-AT-SEA-1024x576.jpg 1024w, https:\/\/sunlog.com.vn\/wp-content\/uploads\/2023\/05\/SUNRISE-AT-SEA-1536x864.jpg 1536w, https:\/\/sunlog.com.vn\/wp-content\/uploads\/2023\/05\/SUNRISE-AT-SEA-2048x1152.jpg 2048w\" sizes=\"(max-width: 768px) 100vw, 768px\" \/>\t\t\t\t\t\t\t\t\t\t\t\t\t<\/div>\n\t\t\t\t<\/div>\n\t\t\t\t\t<\/div>\n\t\t<\/div>\n\t\t\t\t\t<\/div>\n\t\t<\/section>\n\t\t\t\t<section class=\"elementor-section elementor-top-section elementor-element elementor-element-23e3e46 elementor-section-boxed elementor-section-height-default elementor-section-height-default\" data-id=\"23e3e46\" data-element_type=\"section\" data-settings=\"{&quot;jet_parallax_layout_list&quot;:[]}\">\n\t\t\t\t\t\t<div class=\"elementor-container elementor-column-gap-default\">\n\t\t\t\t\t<div class=\"elementor-column elementor-col-100 elementor-top-column elementor-element elementor-element-2542d0c\" data-id=\"2542d0c\" data-element_type=\"column\">\n\t\t\t<div class=\"elementor-widget-wrap elementor-element-populated\">\n\t\t\t\t\t\t<div class=\"elementor-element elementor-element-b43decf elementor-widget elementor-widget-shortcode\" data-id=\"b43decf\" data-element_type=\"widget\" data-widget_type=\"shortcode.default\">\n\t\t\t\t<div class=\"elementor-widget-container\">\n\t\t\t\t\t<div class=\"elementor-shortcode\"><nav aria-label=\"breadcrumbs\" class=\"rank-math-breadcrumb\"><p><span class=\"last\">Trang ch\u1ee7<\/span><\/p><\/nav><\/div>\n\t\t\t\t<\/div>\n\t\t\t\t<\/div>\n\t\t\t\t\t<\/div>\n\t\t<\/div>\n\t\t\t\t\t<\/div>\n\t\t<\/section>\n\t\t\t\t<section class=\"elementor-section elementor-top-section elementor-element elementor-element-d8f638c elementor-section-boxed elementor-section-height-default elementor-section-height-default\" data-id=\"d8f638c\" data-element_type=\"section\" data-settings=\"{&quot;jet_parallax_layout_list&quot;:[],&quot;background_background&quot;:&quot;classic&quot;}\">\n\t\t\t\t\t\t<div class=\"elementor-container elementor-column-gap-default\">\n\t\t\t\t\t<div class=\"elementor-column elementor-col-100 elementor-top-column elementor-element elementor-element-91de9a9\" data-id=\"91de9a9\" data-element_type=\"column\">\n\t\t\t<div class=\"elementor-widget-wrap elementor-element-populated\">\n\t\t\t\t\t\t\t<\/div>\n\t\t<\/div>\n\t\t\t\t\t<\/div>\n\t\t<\/section>\n\t\t\t\t<section class=\"elementor-section elementor-top-section elementor-element elementor-element-59a4fa3 elementor-section-boxed elementor-section-height-default elementor-section-height-default\" data-id=\"59a4fa3\" data-element_type=\"section\" data-settings=\"{&quot;jet_parallax_layout_list&quot;:[]}\">\n\t\t\t\t\t\t<div class=\"elementor-container elementor-column-gap-default\">\n\t\t\t\t\t<div class=\"elementor-column elementor-col-100 elementor-top-column elementor-element elementor-element-a8b5bfd\" data-id=\"a8b5bfd\" data-element_type=\"column\">\n\t\t\t<div class=\"elementor-widget-wrap elementor-element-populated\">\n\t\t\t\t\t\t<section class=\"elementor-section elementor-inner-section elementor-element elementor-element-6792d21 elementor-section-boxed elementor-section-height-default elementor-section-height-default\" data-id=\"6792d21\" data-element_type=\"section\" data-settings=\"{&quot;jet_parallax_layout_list&quot;:[]}\">\n\t\t\t\t\t\t<div class=\"elementor-container elementor-column-gap-default\">\n\t\t\t\t\t<div class=\"elementor-column elementor-col-50 elementor-inner-column elementor-element elementor-element-b13e2ea\" data-id=\"b13e2ea\" data-element_type=\"column\">\n\t\t\t<div class=\"elementor-widget-wrap elementor-element-populated\">\n\t\t\t\t\t\t<div class=\"elementor-element elementor-element-3fb9d94 elementor-widget elementor-widget-heading\" data-id=\"3fb9d94\" data-element_type=\"widget\" data-widget_type=\"heading.default\">\n\t\t\t\t<div class=\"elementor-widget-container\">\n\t\t\t<div class=\"elementor-heading-title elementor-size-default\">S\u1ee8 M\u1ec6NH<\/div>\t\t<\/div>\n\t\t\t\t<\/div>\n\t\t\t\t<div class=\"elementor-element elementor-element-40aef7a elementor-widget elementor-widget-text-editor\" data-id=\"40aef7a\" data-element_type=\"widget\" data-widget_type=\"text-editor.default\">\n\t\t\t\t<div class=\"elementor-widget-container\">\n\t\t\t\t\t\t\t<p>Th\u00fac \u0111\u1ea9y t\u0103ng tr\u01b0\u1edfng kinh doanh c\u1ee7a kh\u00e1ch h\u00e0ng v\u00e0 cho ch\u00ednh ch\u00fang t\u00f4i b\u1eb1ng c\u00e1ch cung c\u1ea5p c\u00e1c d\u1ecbch v\u1ee5 logistics c\u00f3 ch\u1ea5t l\u01b0\u1ee3ng qu\u1ed1c t\u1ebf.<\/p>\t\t\t\t\t\t<\/div>\n\t\t\t\t<\/div>\n\t\t\t\t\t<\/div>\n\t\t<\/div>\n\t\t\t\t<div class=\"elementor-column elementor-col-50 elementor-inner-column elementor-element elementor-element-4fa17e0\" data-id=\"4fa17e0\" data-element_type=\"column\">\n\t\t\t<div class=\"elementor-widget-wrap elementor-element-populated\">\n\t\t\t\t\t\t<div class=\"elementor-element elementor-element-3213838 elementor-widget elementor-widget-image\" data-id=\"3213838\" data-element_type=\"widget\" data-widget_type=\"image.default\">\n\t\t\t\t<div class=\"elementor-widget-container\">\n\t\t\t\t\t\t\t\t\t\t\t\t\t<img decoding=\"async\" width=\"768\" height=\"576\" src=\"https:\/\/sunlog.com.vn\/wp-content\/uploads\/2023\/05\/MV-Pacific-Horse-768x576.jpg\" class=\"attachment-medium_large size-medium_large wp-image-1794\" alt=\"\" srcset=\"https:\/\/sunlog.com.vn\/wp-content\/uploads\/2023\/05\/MV-Pacific-Horse-768x576.jpg 768w, https:\/\/sunlog.com.vn\/wp-content\/uploads\/2023\/05\/MV-Pacific-Horse-300x225.jpg 300w, https:\/\/sunlog.com.vn\/wp-content\/uploads\/2023\/05\/MV-Pacific-Horse-1024x768.jpg 1024w, https:\/\/sunlog.com.vn\/wp-content\/uploads\/2023\/05\/MV-Pacific-Horse.jpg 1280w\" sizes=\"(max-width: 768px) 100vw, 768px\" \/>\t\t\t\t\t\t\t\t\t\t\t\t\t<\/div>\n\t\t\t\t<\/div>\n\t\t\t\t\t<\/div>\n\t\t<\/div>\n\t\t\t\t\t<\/div>\n\t\t<\/section>\n\t\t\t\t<section class=\"elementor-section elementor-inner-section elementor-element elementor-element-f5314e2 elementor-section-boxed elementor-section-height-default elementor-section-height-default\" data-id=\"f5314e2\" data-element_type=\"section\" data-settings=\"{&quot;jet_parallax_layout_list&quot;:[]}\">\n\t\t\t\t\t\t<div class=\"elementor-container elementor-column-gap-default\">\n\t\t\t\t\t<div class=\"elementor-column elementor-col-50 elementor-inner-column elementor-element elementor-element-6e6c1a3\" data-id=\"6e6c1a3\" data-element_type=\"column\">\n\t\t\t<div class=\"elementor-widget-wrap elementor-element-populated\">\n\t\t\t\t\t\t<div class=\"elementor-element elementor-element-920e01b elementor-widget elementor-widget-image\" data-id=\"920e01b\" data-element_type=\"widget\" data-widget_type=\"image.default\">\n\t\t\t\t<div class=\"elementor-widget-container\">\n\t\t\t\t\t\t\t\t\t\t\t\t\t<img decoding=\"async\" width=\"768\" height=\"432\" src=\"https:\/\/sunlog.com.vn\/wp-content\/uploads\/2023\/05\/Light-House-768x432.jpg\" class=\"attachment-medium_large size-medium_large wp-image-1700\" alt=\"\" srcset=\"https:\/\/sunlog.com.vn\/wp-content\/uploads\/2023\/05\/Light-House-768x432.jpg 768w, https:\/\/sunlog.com.vn\/wp-content\/uploads\/2023\/05\/Light-House-300x169.jpg 300w, https:\/\/sunlog.com.vn\/wp-content\/uploads\/2023\/05\/Light-House-1024x576.jpg 1024w, https:\/\/sunlog.com.vn\/wp-content\/uploads\/2023\/05\/Light-House-1536x864.jpg 1536w, https:\/\/sunlog.com.vn\/wp-content\/uploads\/2023\/05\/Light-House-2048x1152.jpg 2048w\" sizes=\"(max-width: 768px) 100vw, 768px\" \/>\t\t\t\t\t\t\t\t\t\t\t\t\t<\/div>\n\t\t\t\t<\/div>\n\t\t\t\t\t<\/div>\n\t\t<\/div>\n\t\t\t\t<div class=\"elementor-column elementor-col-50 elementor-inner-column elementor-element elementor-element-faf8289\" data-id=\"faf8289\" data-element_type=\"column\">\n\t\t\t<div class=\"elementor-widget-wrap elementor-element-populated\">\n\t\t\t\t\t\t<div class=\"elementor-element elementor-element-00e9036 elementor-widget elementor-widget-heading\" data-id=\"00e9036\" data-element_type=\"widget\" data-widget_type=\"heading.default\">\n\t\t\t\t<div class=\"elementor-widget-container\">\n\t\t\t<div class=\"elementor-heading-title elementor-size-default\">T\u1ea6M NH\u00ccN  <\/div>\t\t<\/div>\n\t\t\t\t<\/div>\n\t\t\t\t<div class=\"elementor-element elementor-element-bb14b09 elementor-widget elementor-widget-text-editor\" data-id=\"bb14b09\" data-element_type=\"widget\" data-widget_type=\"text-editor.default\">\n\t\t\t\t<div class=\"elementor-widget-container\">\n\t\t\t\t\t\t\t<p>L\u00e0 s\u1ef1 l\u1ef1a ch\u1ecdn h\u00e0ng \u0111\u1ea7u c\u1ee7a kh\u00e1ch h\u00e0ng trong c\u00e1c nh\u00e0 cung c\u1ea5p d\u1ecbch v\u1ee5 \u0111\u1ea1i l\u00fd h\u00e0ng h\u1ea3i, d\u1ecbch v\u1ee5 logistics v\u00e0 l\u00e0 c\u1ea7u n\u1ed1i giao th\u01b0\u01a1ng qu\u1ed1c t\u1ebf tin c\u1eady t\u1ea1i Quy Nh\u01a1n v\u00e0 Mi\u1ec1n Trung, Vi\u1ec7t Nam.<\/p>\t\t\t\t\t\t<\/div>\n\t\t\t\t<\/div>\n\t\t\t\t\t<\/div>\n\t\t<\/div>\n\t\t\t\t\t<\/div>\n\t\t<\/section>\n\t\t\t\t\t<\/div>\n\t\t<\/div>\n\t\t\t\t\t<\/div>\n\t\t<\/section>\n\t\t\t\t<section class=\"elementor-section elementor-top-section elementor-element elementor-element-e9628d8 elementor-section-boxed elementor-section-height-default elementor-section-height-default\" data-id=\"e9628d8\" data-element_type=\"section\" data-settings=\"{&quot;jet_parallax_layout_list&quot;:[]}\">\n\t\t\t\t\t\t<div class=\"elementor-container elementor-column-gap-default\">\n\t\t\t\t\t<div class=\"elementor-column elementor-col-100 elementor-top-column elementor-element elementor-element-41b2fae\" data-id=\"41b2fae\" data-element_type=\"column\">\n\t\t\t<div class=\"elementor-widget-wrap elementor-element-populated\">\n\t\t\t\t\t\t<div class=\"elementor-element elementor-element-368fdf6 elementor-widget-divider--view-line elementor-widget elementor-widget-divider\" data-id=\"368fdf6\" data-element_type=\"widget\" data-widget_type=\"divider.default\">\n\t\t\t\t<div class=\"elementor-widget-container\">\n\t\t\t\t\t<div class=\"elementor-divider\">\n\t\t\t<span class=\"elementor-divider-separator\">\n\t\t\t\t\t\t<\/span>\n\t\t<\/div>\n\t\t\t\t<\/div>\n\t\t\t\t<\/div>\n\t\t\t\t<div class=\"elementor-element elementor-element-0ebce5c elementor-widget elementor-widget-jet-carousel\" data-id=\"0ebce5c\" data-element_type=\"widget\" data-settings=\"{&quot;slides_to_show&quot;:&quot;3&quot;,&quot;slides_to_show_mobile&quot;:&quot;3&quot;,&quot;slides_to_scroll_mobile&quot;:&quot;1&quot;,&quot;slides_to_scroll&quot;:&quot;1&quot;}\" data-widget_type=\"jet-carousel.default\">\n\t\t\t\t<div class=\"elementor-widget-container\">\n\t\t\t<div class=\"elementor-jet-carousel jet-elements\"><div class=\"jet-carousel-wrap\">\n\t<div class=\"jet-carousel\" data-slider_options=\"{&quot;autoplaySpeed&quot;:5000,&quot;autoplay&quot;:true,&quot;infinite&quot;:true,&quot;centerMode&quot;:false,&quot;centerPadding&quot;:&quot;50px&quot;,&quot;pauseOnHover&quot;:false,&quot;speed&quot;:500,&quot;arrows&quot;:false,&quot;dots&quot;:false,&quot;variableWidth&quot;:false,&quot;prevArrow&quot;:&quot;.jet-carousel__prev-arrow-0ebce5c&quot;,&quot;nextArrow&quot;:&quot;.jet-carousel__next-arrow-0ebce5c&quot;,&quot;rtl&quot;:false,&quot;fractionNav&quot;:false}\" dir=\"ltr\">\n\t<div class=\"elementor-slick-slider\">\n\n<div class=\"jet-carousel__item\">\n\t<div class=\"jet-carousel__item-inner\"><div class=\"jet-carousel__content\"><h5 class=\"jet-carousel__item-title\"><a href=\"\/vi\/tong-quan\/\">T\u1ed5ng Quan<\/a><\/h5><\/div><\/div>\n<\/div>\n\n<div class=\"jet-carousel__item\">\n\t<div class=\"jet-carousel__item-inner\"><div class=\"jet-carousel__content\"><h5 class=\"jet-carousel__item-title\"><a href=\"\/vi\/su-menh-tam-nhin\/\">S\u1ee9 m\u1ec7nh - T\u1ea7m nh\u00ecn<\/a><\/h5><\/div><\/div>\n<\/div>\n\n<div class=\"jet-carousel__item\">\n\t<div class=\"jet-carousel__item-inner\"><div class=\"jet-carousel__content\"><h5 class=\"jet-carousel__item-title\"><a href=\"\/vi\/ban-lanh-dao\/\">Nh\u00e2n s\u01b0\u0323 c\u00f4\u0301t lo\u0303i<\/a><\/h5><\/div><\/div>\n<\/div>\n<\/div><\/div>\n<\/div>\n<\/div>\t\t<\/div>\n\t\t\t\t<\/div>\n\t\t\t\t\t<\/div>\n\t\t<\/div>\n\t\t\t\t\t<\/div>\n\t\t<\/section>\n\t\t\t\t<\/div>\n\t\t","protected":false},"excerpt":{"rendered":"<p>S\u1ee8 M\u1ec6NH Th\u00fac \u0111\u1ea9y t\u0103ng tr\u01b0\u1edfng kinh doanh c\u1ee7a kh\u00e1ch h\u00e0ng v\u00e0 cho ch\u00ednh ch\u00fang t\u00f4i b\u1eb1ng c\u00e1ch cung c\u1ea5p c\u00e1c d\u1ecbch v\u1ee5 logistics c\u00f3 ch\u1ea5t l\u01b0\u1ee3ng qu\u1ed1c t\u1ebf. T\u1ea6M NH\u00ccN L\u00e0 s\u1ef1 l\u1ef1a ch\u1ecdn h\u00e0ng \u0111\u1ea7u c\u1ee7a kh\u00e1ch h\u00e0ng trong c\u00e1c nh\u00e0 cung c\u1ea5p d\u1ecbch v\u1ee5 \u0111\u1ea1i l\u00fd h\u00e0ng h\u1ea3i, d\u1ecbch v\u1ee5 logistics v\u00e0 [&hellip;]<\/p>\n","protected":false},"author":2,"featured_media":0,"parent":0,"menu_order":0,"comment_status":"closed","ping_status":"closed","template":"elementor_header_footer","meta":{"site-sidebar-layout":"no-sidebar","site-content-layout":"page-builder","ast-site-content-layout":"","site-content-style":"default","site-sidebar-style":"default","ast-global-header-display":"","ast-banner-title-visibility":"","ast-main-header-display":"","ast-hfb-above-header-display":"","ast-hfb-below-header-display":"","ast-hfb-mobile-header-display":"","site-post-title":"disabled","ast-breadcrumbs-content":"","ast-featured-img":"disabled","footer-sml-layout":"","theme-transparent-header-meta":"default","adv-header-id-meta":"","stick-header-meta":"default","header-above-stick-meta":"","header-main-stick-meta":"","header-below-stick-meta":"","astra-migrate-meta-layouts":"default","ast-page-background-enabled":"default","ast-page-background-meta":{"desktop":{"background-color":"var(--ast-global-color-4)","background-image":"","background-repeat":"repeat","background-position":"center center","background-size":"auto","background-attachment":"scroll","background-type":"","background-media":"","overlay-type":"","overlay-color":"","overlay-opacity":"","overlay-gradient":""},"tablet":{"background-color":"","background-image":"","background-repeat":"repeat","background-position":"center center","background-size":"auto","background-attachment":"scroll","background-type":"","background-media":"","overlay-type":"","overlay-color":"","overlay-opacity":"","overlay-gradient":""},"mobile":{"background-color":"","background-image":"","background-repeat":"repeat","background-position":"center center","background-size":"auto","background-attachment":"scroll","background-type":"","background-media":"","overlay-type":"","overlay-color":"","overlay-opacity":"","overlay-gradient":""}},"ast-content-background-meta":{"desktop":{"background-color":"var(--ast-global-color-5)","background-image":"","background-repeat":"repeat","background-position":"center center","background-size":"auto","background-attachment":"scroll","background-type":"","background-media":"","overlay-type":"","overlay-color":"","overlay-opacity":"","overlay-gradient":""},"tablet":{"background-color":"var(--ast-global-color-5)","background-image":"","background-repeat":"repeat","background-position":"center center","background-size":"auto","background-attachment":"scroll","background-type":"","background-media":"","overlay-type":"","overlay-color":"","overlay-opacity":"","overlay-gradient":""},"mobile":{"background-color":"var(--ast-global-color-5)","background-image":"","background-repeat":"repeat","background-position":"center center","background-size":"auto","background-attachment":"scroll","background-type":"","background-media":"","overlay-type":"","overlay-color":"","overlay-opacity":"","overlay-gradient":""}},"footnotes":""},"class_list":["post-33","page","type-page","status-publish","hentry"],"_links":{"self":[{"href":"https:\/\/sunlog.com.vn\/vi\/wp-json\/wp\/v2\/pages\/33","targetHints":{"allow":["GET"]}}],"collection":[{"href":"https:\/\/sunlog.com.vn\/vi\/wp-json\/wp\/v2\/pages"}],"about":[{"href":"https:\/\/sunlog.com.vn\/vi\/wp-json\/wp\/v2\/types\/page"}],"author":[{"embeddable":true,"href":"https:\/\/sunlog.com.vn\/vi\/wp-json\/wp\/v2\/users\/2"}],"replies":[{"embeddable":true,"href":"https:\/\/sunlog.com.vn\/vi\/wp-json\/wp\/v2\/comments?post=33"}],"version-history":[{"count":60,"href":"https:\/\/sunlog.com.vn\/vi\/wp-json\/wp\/v2\/pages\/33\/revisions"}],"predecessor-version":[{"id":2234,"href":"https:\/\/sunlog.com.vn\/vi\/wp-json\/wp\/v2\/pages\/33\/revisions\/2234"}],"wp:attachment":[{"href":"https:\/\/sunlog.com.vn\/vi\/wp-json\/wp\/v2\/media?parent=33"}],"curies":[{"name":"wp","href":"https:\/\/api.w.org\/{rel}","templated":true}]}}