{"id":67,"date":"2023-05-13T16:41:47","date_gmt":"2023-05-13T09:41:47","guid":{"rendered":"https:\/\/sunlog.greensoft.vn\/?page_id=67"},"modified":"2023-06-16T16:14:43","modified_gmt":"2023-06-16T09:14:43","slug":"giao-nhan-duong-khong","status":"publish","type":"page","link":"https:\/\/sunlog.com.vn\/vi\/giao-nhan-duong-khong\/","title":{"rendered":"Giao nh\u1eadn \u0111\u01b0\u1eddng kh\u00f4ng"},"content":{"rendered":"\t\t<div data-elementor-type=\"wp-page\" data-elementor-id=\"67\" class=\"elementor elementor-67\" data-elementor-post-type=\"page\">\n\t\t\t\t\t\t<section class=\"elementor-section elementor-top-section elementor-element elementor-element-b8d1a9f elementor-section-height-min-height elementor-section-boxed elementor-section-height-default elementor-section-items-middle\" data-id=\"b8d1a9f\" data-element_type=\"section\" data-settings=\"{&quot;jet_parallax_layout_list&quot;:[],&quot;background_background&quot;:&quot;classic&quot;}\">\n\t\t\t\t\t\t\t<div class=\"elementor-background-overlay\"><\/div>\n\t\t\t\t\t\t\t<div class=\"elementor-container elementor-column-gap-default\">\n\t\t\t\t\t<div class=\"elementor-column elementor-col-100 elementor-top-column elementor-element elementor-element-cc8f60a\" data-id=\"cc8f60a\" data-element_type=\"column\">\n\t\t\t<div class=\"elementor-widget-wrap elementor-element-populated\">\n\t\t\t\t\t\t\t<\/div>\n\t\t<\/div>\n\t\t\t\t\t<\/div>\n\t\t<\/section>\n\t\t\t\t<section class=\"elementor-section elementor-top-section elementor-element elementor-element-ca7e7d3 elementor-section-boxed elementor-section-height-default elementor-section-height-default\" data-id=\"ca7e7d3\" data-element_type=\"section\" data-settings=\"{&quot;jet_parallax_layout_list&quot;:[]}\">\n\t\t\t\t\t\t<div class=\"elementor-container elementor-column-gap-default\">\n\t\t\t\t\t<div class=\"elementor-column elementor-col-100 elementor-top-column elementor-element elementor-element-3fbbe86\" data-id=\"3fbbe86\" data-element_type=\"column\">\n\t\t\t<div class=\"elementor-widget-wrap elementor-element-populated\">\n\t\t\t\t\t\t<div class=\"elementor-element elementor-element-d257d5b elementor-widget elementor-widget-shortcode\" data-id=\"d257d5b\" data-element_type=\"widget\" data-widget_type=\"shortcode.default\">\n\t\t\t\t<div class=\"elementor-widget-container\">\n\t\t\t\t\t<div class=\"elementor-shortcode\"><nav aria-label=\"breadcrumbs\" class=\"rank-math-breadcrumb\"><p><span class=\"last\">Trang ch\u1ee7<\/span><\/p><\/nav><\/div>\n\t\t\t\t<\/div>\n\t\t\t\t<\/div>\n\t\t\t\t\t<\/div>\n\t\t<\/div>\n\t\t\t\t\t<\/div>\n\t\t<\/section>\n\t\t\t\t<section class=\"elementor-section elementor-top-section elementor-element elementor-element-f02f532 elementor-section-boxed elementor-section-height-default elementor-section-height-default\" data-id=\"f02f532\" data-element_type=\"section\" data-settings=\"{&quot;jet_parallax_layout_list&quot;:[]}\">\n\t\t\t\t\t\t<div class=\"elementor-container elementor-column-gap-default\">\n\t\t\t\t\t<div class=\"elementor-column elementor-col-100 elementor-top-column elementor-element elementor-element-6c51830\" data-id=\"6c51830\" data-element_type=\"column\">\n\t\t\t<div class=\"elementor-widget-wrap elementor-element-populated\">\n\t\t\t\t\t\t<div class=\"elementor-element elementor-element-1efb944 elementor-widget elementor-widget-text-editor\" data-id=\"1efb944\" data-element_type=\"widget\" data-widget_type=\"text-editor.default\">\n\t\t\t\t<div class=\"elementor-widget-container\">\n\t\t\t\t\t\t\t<p>V\u1eadn t\u1ea3i h\u00e0ng h\u00f3a b\u1eb1ng \u0111\u01b0\u1eddng kh\u00f4ng l\u00e0 gi\u1ea3i ph\u00e1p t\u1ed1t nh\u1ea5t cho c\u00e1c l\u00f4 h\u00e0ng y\u00eau c\u1ea7u th\u1eddi gian v\u1eadn chuy\u1ec3n nhanh ch\u00f3ng, tin c\u1eady v\u00e0 hi\u1ec7u qu\u1ea3. L\u00e0 m\u1ed9t \u0111\u01a1n v\u1ecb cung c\u1ea5p d\u1ecbch v\u1ee5, ch\u00fang t\u00f4i thu x\u1ebfp v\u1eadn t\u1ea3i h\u00e0ng h\u00f3a b\u1eb1ng \u0111\u01b0\u1eddng kh\u00f4ng v\u1edbi c\u00e1c h\u00e3ng v\u1eadn t\u1ea3i h\u00e0ng \u0111\u1ea7u \u0111\u1ec3 v\u1eadn chuy\u1ec3n h\u00e0ng h\u00f3a b\u1eb1ng m\u00e1y bay tr\u00ean to\u00e0n th\u1ebf gi\u1edbi.<\/p>\t\t\t\t\t\t<\/div>\n\t\t\t\t<\/div>\n\t\t\t\t\t<\/div>\n\t\t<\/div>\n\t\t\t\t\t<\/div>\n\t\t<\/section>\n\t\t\t\t<\/div>\n\t\t","protected":false},"excerpt":{"rendered":"<p>V\u1eadn t\u1ea3i h\u00e0ng h\u00f3a b\u1eb1ng \u0111\u01b0\u1eddng kh\u00f4ng l\u00e0 gi\u1ea3i ph\u00e1p t\u1ed1t nh\u1ea5t cho c\u00e1c l\u00f4 h\u00e0ng y\u00eau c\u1ea7u th\u1eddi gian v\u1eadn chuy\u1ec3n nhanh ch\u00f3ng, tin c\u1eady v\u00e0 hi\u1ec7u qu\u1ea3. L\u00e0 m\u1ed9t \u0111\u01a1n v\u1ecb cung c\u1ea5p d\u1ecbch v\u1ee5, ch\u00fang t\u00f4i thu x\u1ebfp v\u1eadn t\u1ea3i h\u00e0ng h\u00f3a b\u1eb1ng \u0111\u01b0\u1eddng kh\u00f4ng v\u1edbi c\u00e1c h\u00e3ng v\u1eadn t\u1ea3i h\u00e0ng \u0111\u1ea7u [&hellip;]<\/p>\n","protected":false},"author":2,"featured_media":0,"parent":0,"menu_order":0,"comment_status":"closed","ping_status":"closed","template":"elementor_header_footer","meta":{"site-sidebar-layout":"no-sidebar","site-content-layout":"page-builder","ast-site-content-layout":"","site-content-style":"default","site-sidebar-style":"default","ast-global-header-display":"","ast-banner-title-visibility":"","ast-main-header-display":"","ast-hfb-above-header-display":"","ast-hfb-below-header-display":"","ast-hfb-mobile-header-display":"","site-post-title":"disabled","ast-breadcrumbs-content":"","ast-featured-img":"disabled","footer-sml-layout":"","theme-transparent-header-meta":"default","adv-header-id-meta":"","stick-header-meta":"default","header-above-stick-meta":"","header-main-stick-meta":"","header-below-stick-meta":"","astra-migrate-meta-layouts":"default","ast-page-background-enabled":"default","ast-page-background-meta":{"desktop":{"background-color":"var(--ast-global-color-4)","background-image":"","background-repeat":"repeat","background-position":"center center","background-size":"auto","background-attachment":"scroll","background-type":"","background-media":"","overlay-type":"","overlay-color":"","overlay-opacity":"","overlay-gradient":""},"tablet":{"background-color":"","background-image":"","background-repeat":"repeat","background-position":"center center","background-size":"auto","background-attachment":"scroll","background-type":"","background-media":"","overlay-type":"","overlay-color":"","overlay-opacity":"","overlay-gradient":""},"mobile":{"background-color":"","background-image":"","background-repeat":"repeat","background-position":"center center","background-size":"auto","background-attachment":"scroll","background-type":"","background-media":"","overlay-type":"","overlay-color":"","overlay-opacity":"","overlay-gradient":""}},"ast-content-background-meta":{"desktop":{"background-color":"var(--ast-global-color-5)","background-image":"","background-repeat":"repeat","background-position":"center center","background-size":"auto","background-attachment":"scroll","background-type":"","background-media":"","overlay-type":"","overlay-color":"","overlay-opacity":"","overlay-gradient":""},"tablet":{"background-color":"var(--ast-global-color-5)","background-image":"","background-repeat":"repeat","background-position":"center center","background-size":"auto","background-attachment":"scroll","background-type":"","background-media":"","overlay-type":"","overlay-color":"","overlay-opacity":"","overlay-gradient":""},"mobile":{"background-color":"var(--ast-global-color-5)","background-image":"","background-repeat":"repeat","background-position":"center center","background-size":"auto","background-attachment":"scroll","background-type":"","background-media":"","overlay-type":"","overlay-color":"","overlay-opacity":"","overlay-gradient":""}},"footnotes":""},"class_list":["post-67","page","type-page","status-publish","hentry"],"_links":{"self":[{"href":"https:\/\/sunlog.com.vn\/vi\/wp-json\/wp\/v2\/pages\/67","targetHints":{"allow":["GET"]}}],"collection":[{"href":"https:\/\/sunlog.com.vn\/vi\/wp-json\/wp\/v2\/pages"}],"about":[{"href":"https:\/\/sunlog.com.vn\/vi\/wp-json\/wp\/v2\/types\/page"}],"author":[{"embeddable":true,"href":"https:\/\/sunlog.com.vn\/vi\/wp-json\/wp\/v2\/users\/2"}],"replies":[{"embeddable":true,"href":"https:\/\/sunlog.com.vn\/vi\/wp-json\/wp\/v2\/comments?post=67"}],"version-history":[{"count":35,"href":"https:\/\/sunlog.com.vn\/vi\/wp-json\/wp\/v2\/pages\/67\/revisions"}],"predecessor-version":[{"id":2083,"href":"https:\/\/sunlog.com.vn\/vi\/wp-json\/wp\/v2\/pages\/67\/revisions\/2083"}],"wp:attachment":[{"href":"https:\/\/sunlog.com.vn\/vi\/wp-json\/wp\/v2\/media?parent=67"}],"curies":[{"name":"wp","href":"https:\/\/api.w.org\/{rel}","templated":true}]}}