{"id":69,"date":"2023-05-13T16:42:05","date_gmt":"2023-05-13T09:42:05","guid":{"rendered":"https:\/\/sunlog.greensoft.vn\/?page_id=69"},"modified":"2023-06-16T16:10:19","modified_gmt":"2023-06-16T09:10:19","slug":"dai-ly-hang-hai","status":"publish","type":"page","link":"https:\/\/sunlog.com.vn\/vi\/dai-ly-hang-hai\/","title":{"rendered":"\u0110\u1ea1i l\u00fd h\u00e0ng h\u1ea3i"},"content":{"rendered":"\t\t<div data-elementor-type=\"wp-page\" data-elementor-id=\"69\" class=\"elementor elementor-69\" data-elementor-post-type=\"page\">\n\t\t\t\t\t\t<section class=\"elementor-section elementor-top-section elementor-element elementor-element-530cfed elementor-section-height-min-height elementor-section-boxed elementor-section-height-default elementor-section-items-middle\" data-id=\"530cfed\" data-element_type=\"section\" data-settings=\"{&quot;jet_parallax_layout_list&quot;:[],&quot;background_background&quot;:&quot;classic&quot;}\">\n\t\t\t\t\t\t\t<div class=\"elementor-background-overlay\"><\/div>\n\t\t\t\t\t\t\t<div class=\"elementor-container elementor-column-gap-default\">\n\t\t\t\t\t<div class=\"elementor-column elementor-col-100 elementor-top-column elementor-element elementor-element-9daedb4\" data-id=\"9daedb4\" data-element_type=\"column\">\n\t\t\t<div class=\"elementor-widget-wrap elementor-element-populated\">\n\t\t\t\t\t\t\t<\/div>\n\t\t<\/div>\n\t\t\t\t\t<\/div>\n\t\t<\/section>\n\t\t\t\t<section class=\"elementor-section elementor-top-section elementor-element elementor-element-6c06f98 elementor-section-boxed elementor-section-height-default elementor-section-height-default\" data-id=\"6c06f98\" data-element_type=\"section\" data-settings=\"{&quot;jet_parallax_layout_list&quot;:[]}\">\n\t\t\t\t\t\t<div class=\"elementor-container elementor-column-gap-default\">\n\t\t\t\t\t<div class=\"elementor-column elementor-col-100 elementor-top-column elementor-element elementor-element-aaaa203\" data-id=\"aaaa203\" data-element_type=\"column\">\n\t\t\t<div class=\"elementor-widget-wrap elementor-element-populated\">\n\t\t\t\t\t\t<div class=\"elementor-element elementor-element-f2a2df5 elementor-widget elementor-widget-shortcode\" data-id=\"f2a2df5\" data-element_type=\"widget\" data-widget_type=\"shortcode.default\">\n\t\t\t\t<div class=\"elementor-widget-container\">\n\t\t\t\t\t<div class=\"elementor-shortcode\"><nav aria-label=\"breadcrumbs\" class=\"rank-math-breadcrumb\"><p><span class=\"last\">Trang ch\u1ee7<\/span><\/p><\/nav><\/div>\n\t\t\t\t<\/div>\n\t\t\t\t<\/div>\n\t\t\t\t\t<\/div>\n\t\t<\/div>\n\t\t\t\t\t<\/div>\n\t\t<\/section>\n\t\t\t\t<section class=\"elementor-section elementor-top-section elementor-element elementor-element-470a142 elementor-section-boxed elementor-section-height-default elementor-section-height-default\" data-id=\"470a142\" data-element_type=\"section\" data-settings=\"{&quot;jet_parallax_layout_list&quot;:[]}\">\n\t\t\t\t\t\t<div class=\"elementor-container elementor-column-gap-default\">\n\t\t\t\t\t<div class=\"elementor-column elementor-col-100 elementor-top-column elementor-element elementor-element-fa853bf\" data-id=\"fa853bf\" data-element_type=\"column\">\n\t\t\t<div class=\"elementor-widget-wrap elementor-element-populated\">\n\t\t\t\t\t\t<div class=\"elementor-element elementor-element-9e69e4f elementor-widget elementor-widget-text-editor\" data-id=\"9e69e4f\" data-element_type=\"widget\" data-widget_type=\"text-editor.default\">\n\t\t\t\t<div class=\"elementor-widget-container\">\n\t\t\t\t\t\t\t<p>L\u00e0 m\u1ed9t <strong>\u0110\u1ea1i l\u00fd H\u00e0ng h\u1ea3i<\/strong>, ch\u00fang t\u00f4i s\u1ebd x\u1eed l\u00fd t\u1ea5t c\u1ea3 c\u00e1c y\u00eau c\u1ea7u v\u1ec1 th\u1ee7 t\u1ee5c ph\u00e1p l\u00fd v\u00e0 ho\u1ea1t \u0111\u1ed9ng cho t\u00e0u ra v\u00e0o c\u1ea3ng \u0111\u1ec3 l\u00e0m h\u00e0ng (b\u1ed1c\/d\u1ee1 h\u00e0ng), c\u1eadp c\u1ea3ng kh\u1ea9n c\u1ea5p \u0111\u1ec3 s\u1eeda ch\u1eefa ho\u1eb7c thay \u0111\u1ed5i th\u1ee7y th\u1ee7 \u0111o\u00e0n&#8230; Ch\u00fang t\u00f4i s\u1ebd \u0111\u1ea1i di\u1ec7n b\u1ea3o v\u1ec7 l\u1ee3i \u00edch chung cho ch\u1ee7 t\u00e0u m\u1ed9t c\u00e1ch ch\u1ee7 \u0111\u1ed9ng v\u00e0 kh\u00e1ch quan.<\/p>\t\t\t\t\t\t<\/div>\n\t\t\t\t<\/div>\n\t\t\t\t\t<\/div>\n\t\t<\/div>\n\t\t\t\t\t<\/div>\n\t\t<\/section>\n\t\t\t\t<\/div>\n\t\t","protected":false},"excerpt":{"rendered":"<p>L\u00e0 m\u1ed9t \u0110\u1ea1i l\u00fd H\u00e0ng h\u1ea3i, ch\u00fang t\u00f4i s\u1ebd x\u1eed l\u00fd t\u1ea5t c\u1ea3 c\u00e1c y\u00eau c\u1ea7u v\u1ec1 th\u1ee7 t\u1ee5c ph\u00e1p l\u00fd v\u00e0 ho\u1ea1t \u0111\u1ed9ng cho t\u00e0u ra v\u00e0o c\u1ea3ng \u0111\u1ec3 l\u00e0m h\u00e0ng (b\u1ed1c\/d\u1ee1 h\u00e0ng), c\u1eadp c\u1ea3ng kh\u1ea9n c\u1ea5p \u0111\u1ec3 s\u1eeda ch\u1eefa ho\u1eb7c thay \u0111\u1ed5i th\u1ee7y th\u1ee7 \u0111o\u00e0n&#8230; Ch\u00fang t\u00f4i s\u1ebd \u0111\u1ea1i di\u1ec7n b\u1ea3o v\u1ec7 l\u1ee3i [&hellip;]<\/p>\n","protected":false},"author":2,"featured_media":0,"parent":0,"menu_order":0,"comment_status":"closed","ping_status":"closed","template":"elementor_header_footer","meta":{"site-sidebar-layout":"no-sidebar","site-content-layout":"page-builder","ast-site-content-layout":"","site-content-style":"default","site-sidebar-style":"default","ast-global-header-display":"","ast-banner-title-visibility":"","ast-main-header-display":"","ast-hfb-above-header-display":"","ast-hfb-below-header-display":"","ast-hfb-mobile-header-display":"","site-post-title":"disabled","ast-breadcrumbs-content":"","ast-featured-img":"disabled","footer-sml-layout":"","theme-transparent-header-meta":"default","adv-header-id-meta":"","stick-header-meta":"default","header-above-stick-meta":"","header-main-stick-meta":"","header-below-stick-meta":"","astra-migrate-meta-layouts":"default","ast-page-background-enabled":"default","ast-page-background-meta":{"desktop":{"background-color":"var(--ast-global-color-4)","background-image":"","background-repeat":"repeat","background-position":"center center","background-size":"auto","background-attachment":"scroll","background-type":"","background-media":"","overlay-type":"","overlay-color":"","overlay-opacity":"","overlay-gradient":""},"tablet":{"background-color":"","background-image":"","background-repeat":"repeat","background-position":"center center","background-size":"auto","background-attachment":"scroll","background-type":"","background-media":"","overlay-type":"","overlay-color":"","overlay-opacity":"","overlay-gradient":""},"mobile":{"background-color":"","background-image":"","background-repeat":"repeat","background-position":"center center","background-size":"auto","background-attachment":"scroll","background-type":"","background-media":"","overlay-type":"","overlay-color":"","overlay-opacity":"","overlay-gradient":""}},"ast-content-background-meta":{"desktop":{"background-color":"var(--ast-global-color-5)","background-image":"","background-repeat":"repeat","background-position":"center center","background-size":"auto","background-attachment":"scroll","background-type":"","background-media":"","overlay-type":"","overlay-color":"","overlay-opacity":"","overlay-gradient":""},"tablet":{"background-color":"var(--ast-global-color-5)","background-image":"","background-repeat":"repeat","background-position":"center center","background-size":"auto","background-attachment":"scroll","background-type":"","background-media":"","overlay-type":"","overlay-color":"","overlay-opacity":"","overlay-gradient":""},"mobile":{"background-color":"var(--ast-global-color-5)","background-image":"","background-repeat":"repeat","background-position":"center center","background-size":"auto","background-attachment":"scroll","background-type":"","background-media":"","overlay-type":"","overlay-color":"","overlay-opacity":"","overlay-gradient":""}},"footnotes":""},"class_list":["post-69","page","type-page","status-publish","hentry"],"_links":{"self":[{"href":"https:\/\/sunlog.com.vn\/vi\/wp-json\/wp\/v2\/pages\/69","targetHints":{"allow":["GET"]}}],"collection":[{"href":"https:\/\/sunlog.com.vn\/vi\/wp-json\/wp\/v2\/pages"}],"about":[{"href":"https:\/\/sunlog.com.vn\/vi\/wp-json\/wp\/v2\/types\/page"}],"author":[{"embeddable":true,"href":"https:\/\/sunlog.com.vn\/vi\/wp-json\/wp\/v2\/users\/2"}],"replies":[{"embeddable":true,"href":"https:\/\/sunlog.com.vn\/vi\/wp-json\/wp\/v2\/comments?post=69"}],"version-history":[{"count":46,"href":"https:\/\/sunlog.com.vn\/vi\/wp-json\/wp\/v2\/pages\/69\/revisions"}],"predecessor-version":[{"id":2077,"href":"https:\/\/sunlog.com.vn\/vi\/wp-json\/wp\/v2\/pages\/69\/revisions\/2077"}],"wp:attachment":[{"href":"https:\/\/sunlog.com.vn\/vi\/wp-json\/wp\/v2\/media?parent=69"}],"curies":[{"name":"wp","href":"https:\/\/api.w.org\/{rel}","templated":true}]}}