{"id":75,"date":"2023-05-13T16:43:00","date_gmt":"2023-05-13T09:43:00","guid":{"rendered":"https:\/\/sunlog.greensoft.vn\/?page_id=75"},"modified":"2023-06-16T16:20:46","modified_gmt":"2023-06-16T09:20:46","slug":"thuong-mai-va-moi-gioi-hang-hoa","status":"publish","type":"page","link":"https:\/\/sunlog.com.vn\/vi\/thuong-mai-va-moi-gioi-hang-hoa\/","title":{"rendered":"Th\u01b0\u01a1ng m\u1ea1i v\u00e0 m\u00f4i gi\u1edbi h\u00e0ng h\u00f3a"},"content":{"rendered":"\t\t<div data-elementor-type=\"wp-page\" data-elementor-id=\"75\" class=\"elementor elementor-75\" data-elementor-post-type=\"page\">\n\t\t\t\t\t\t<section class=\"elementor-section elementor-top-section elementor-element elementor-element-650710f elementor-section-height-min-height elementor-section-boxed elementor-section-height-default elementor-section-items-middle\" data-id=\"650710f\" data-element_type=\"section\" data-settings=\"{&quot;jet_parallax_layout_list&quot;:[],&quot;background_background&quot;:&quot;classic&quot;}\">\n\t\t\t\t\t\t\t<div class=\"elementor-background-overlay\"><\/div>\n\t\t\t\t\t\t\t<div class=\"elementor-container elementor-column-gap-default\">\n\t\t\t\t\t<div class=\"elementor-column elementor-col-100 elementor-top-column elementor-element elementor-element-962a468\" data-id=\"962a468\" data-element_type=\"column\">\n\t\t\t<div class=\"elementor-widget-wrap elementor-element-populated\">\n\t\t\t\t\t\t\t<\/div>\n\t\t<\/div>\n\t\t\t\t\t<\/div>\n\t\t<\/section>\n\t\t\t\t<section class=\"elementor-section elementor-top-section elementor-element elementor-element-5c263f6 elementor-section-boxed elementor-section-height-default elementor-section-height-default\" data-id=\"5c263f6\" data-element_type=\"section\" data-settings=\"{&quot;jet_parallax_layout_list&quot;:[]}\">\n\t\t\t\t\t\t<div class=\"elementor-container elementor-column-gap-default\">\n\t\t\t\t\t<div class=\"elementor-column elementor-col-100 elementor-top-column elementor-element elementor-element-e9515ad\" data-id=\"e9515ad\" data-element_type=\"column\">\n\t\t\t<div class=\"elementor-widget-wrap elementor-element-populated\">\n\t\t\t\t\t\t<div class=\"elementor-element elementor-element-d9a86a2 elementor-widget elementor-widget-shortcode\" data-id=\"d9a86a2\" data-element_type=\"widget\" data-widget_type=\"shortcode.default\">\n\t\t\t\t<div class=\"elementor-widget-container\">\n\t\t\t\t\t<div class=\"elementor-shortcode\"><nav aria-label=\"breadcrumbs\" class=\"rank-math-breadcrumb\"><p><span class=\"last\">Trang ch\u1ee7<\/span><\/p><\/nav><\/div>\n\t\t\t\t<\/div>\n\t\t\t\t<\/div>\n\t\t\t\t\t<\/div>\n\t\t<\/div>\n\t\t\t\t\t<\/div>\n\t\t<\/section>\n\t\t\t\t<section class=\"elementor-section elementor-top-section elementor-element elementor-element-7895f41 elementor-section-boxed elementor-section-height-default elementor-section-height-default\" data-id=\"7895f41\" data-element_type=\"section\" data-settings=\"{&quot;jet_parallax_layout_list&quot;:[]}\">\n\t\t\t\t\t\t<div class=\"elementor-container elementor-column-gap-default\">\n\t\t\t\t\t<div class=\"elementor-column elementor-col-100 elementor-top-column elementor-element elementor-element-226662b\" data-id=\"226662b\" data-element_type=\"column\">\n\t\t\t<div class=\"elementor-widget-wrap elementor-element-populated\">\n\t\t\t\t\t\t<div class=\"elementor-element elementor-element-156b4c4 elementor-widget elementor-widget-text-editor\" data-id=\"156b4c4\" data-element_type=\"widget\" data-widget_type=\"text-editor.default\">\n\t\t\t\t<div class=\"elementor-widget-container\">\n\t\t\t\t\t\t\t<p>Vi\u1ec7t Nam n\u00f3i chung l\u00e0 m\u1ed9t th\u1ecb tr\u01b0\u1eddng xu\u1ea5t kh\u1ea9u h\u00e0ng ti\u00eau d\u00f9ng r\u1ea5t n\u0103ng \u0111\u1ed9ng v\u00e0 gi\u00e0u ti\u1ec1m n\u0103ng bao g\u1ed3m th\u1ef1c ph\u1ea9m, \u0111\u1ed3 gia d\u1ee5ng, qu\u1ea7n \u00e1o v\u00e0 \u00f4 t\u00f4. V\u1edbi b\u1ec1 d\u00e0y kinh nghi\u1ec7m v\u1ec1 ngu\u1ed3n cung h\u00e0ng n\u1ed9i \u0111\u1ecba cho th\u1ecb tr\u01b0\u1eddng n\u01b0\u1edbc ngo\u00e0i, ch\u00fang t\u00f4i c\u00f3 th\u1ec3 \u0111\u00f3ng vai tr\u00f2 l\u00e0 th\u01b0\u01a1ng nh\u00e2n ho\u1eb7c l\u00e0m trung gian gi\u1eefa th\u01b0\u01a1ng nh\u00e2n v\u00e0 th\u1ecb tr\u01b0\u1eddng. Ch\u00fang t\u00f4i nh\u1eadn \u0111\u01a1n h\u00e0ng t\u1eeb kh\u00e1ch h\u00e0ng (th\u01b0\u01a1ng nh\u00e2n v\u00e0 nh\u00e0 giao cung c\u1ea5p) c\u1ee7a ch\u00fang t\u00f4i v\u00e0 th\u1ef1c hi\u1ec7n giao d\u1ecbch mua b\u00e1n tr\u00ean th\u1ecb tr\u01b0\u1eddng. Theo hi\u1ec3u bi\u1ebft c\u1ee7a ch\u00fang t\u00f4i, c\u00e1c m\u1eb7t h\u00e0ng c\u1ee5 th\u1ec3 c\u00f3 kh\u1ed1i l\u01b0\u1ee3ng l\u1edbn xu\u1ea5t kh\u1ea9u t\u1eeb Quy Nh\u01a1n l\u00e0 d\u0103m g\u1ed7, vi\u00ean n\u00e9n g\u1ed7, s\u1eafn l\u00e1t, \u0111\u1ed3 g\u1ed7 ngo\u00e0i tr\u1eddi v\u00e0 h\u00e0ng \u0111an, v\u00e1n gh\u00e9p ho\u1eb7c v\u00e1n \u00e9p\u2026<\/p>\t\t\t\t\t\t<\/div>\n\t\t\t\t<\/div>\n\t\t\t\t<div class=\"elementor-element elementor-element-1391d92 elementor-widget elementor-widget-text-editor\" data-id=\"1391d92\" data-element_type=\"widget\" data-widget_type=\"text-editor.default\">\n\t\t\t\t<div class=\"elementor-widget-container\">\n\t\t\t\t\t\t\t<p>Vui l\u00f2ng li\u00ean h\u1ec7 tr\u1ef1c ti\u1ebfp v\u1edbi ch\u00fang t\u00f4i \u0111\u1ec3 bi\u1ebft th\u00eam th\u00f4ng tin v\u1ec1 th\u1ecb tr\u01b0\u1eddng v\u00e0 ngu\u1ed3n cung h\u00e0ng h\u00f3a c\u1ee7a ch\u00fang t\u00f4i.<\/p><div id='gallery-1' class='gallery galleryid-75 gallery-columns-3 gallery-size-medium'><figure class='gallery-item'>\n\t\t\t<div class='gallery-icon landscape'>\n\t\t\t\t<a href='https:\/\/sunlog.com.vn\/vi\/wicker-2-2\/'><img fetchpriority=\"high\" decoding=\"async\" width=\"300\" height=\"218\" src=\"https:\/\/sunlog.com.vn\/wp-content\/uploads\/2023\/05\/Wicker-1-300x218.jpg\" class=\"attachment-medium size-medium\" alt=\"\" aria-describedby=\"gallery-1-1945\" srcset=\"https:\/\/sunlog.com.vn\/wp-content\/uploads\/2023\/05\/Wicker-1-300x218.jpg 300w, https:\/\/sunlog.com.vn\/wp-content\/uploads\/2023\/05\/Wicker-1-768x558.jpg 768w, https:\/\/sunlog.com.vn\/wp-content\/uploads\/2023\/05\/Wicker-1.jpg 854w\" sizes=\"(max-width: 300px) 100vw, 300px\" \/><\/a>\n\t\t\t<\/div>\n\t\t\t\t<figcaption class='wp-caption-text gallery-caption' id='gallery-1-1945'>\n\t\t\t\tWicker &#038; Cushion\n\t\t\t\t<\/figcaption><\/figure><figure class='gallery-item'>\n\t\t\t<div class='gallery-icon landscape'>\n\t\t\t\t<a href='https:\/\/sunlog.com.vn\/vi\/trang-chu\/wood-chips-2\/'><img decoding=\"async\" width=\"300\" height=\"225\" src=\"https:\/\/sunlog.com.vn\/wp-content\/uploads\/2023\/05\/Wood-chips-300x225.jpg\" class=\"attachment-medium size-medium\" alt=\"\" aria-describedby=\"gallery-1-1722\" srcset=\"https:\/\/sunlog.com.vn\/wp-content\/uploads\/2023\/05\/Wood-chips-300x225.jpg 300w, https:\/\/sunlog.com.vn\/wp-content\/uploads\/2023\/05\/Wood-chips-1024x768.jpg 1024w, https:\/\/sunlog.com.vn\/wp-content\/uploads\/2023\/05\/Wood-chips-768x576.jpg 768w, https:\/\/sunlog.com.vn\/wp-content\/uploads\/2023\/05\/Wood-chips-1536x1152.jpg 1536w, https:\/\/sunlog.com.vn\/wp-content\/uploads\/2023\/05\/Wood-chips.jpg 2048w\" sizes=\"(max-width: 300px) 100vw, 300px\" \/><\/a>\n\t\t\t<\/div>\n\t\t\t\t<figcaption class='wp-caption-text gallery-caption' id='gallery-1-1722'>\n\t\t\t\tWood Chips\n\t\t\t\t<\/figcaption><\/figure><figure class='gallery-item'>\n\t\t\t<div class='gallery-icon landscape'>\n\t\t\t\t<a href='https:\/\/sunlog.com.vn\/vi\/home\/saigon-cafe-set\/'><img decoding=\"async\" width=\"300\" height=\"225\" src=\"https:\/\/sunlog.com.vn\/wp-content\/uploads\/2023\/05\/Saigon-Cafe-set-300x225.jpg\" class=\"attachment-medium size-medium\" alt=\"\" aria-describedby=\"gallery-1-1820\" srcset=\"https:\/\/sunlog.com.vn\/wp-content\/uploads\/2023\/05\/Saigon-Cafe-set-300x225.jpg 300w, https:\/\/sunlog.com.vn\/wp-content\/uploads\/2023\/05\/Saigon-Cafe-set-1024x768.jpg 1024w, https:\/\/sunlog.com.vn\/wp-content\/uploads\/2023\/05\/Saigon-Cafe-set-768x576.jpg 768w, https:\/\/sunlog.com.vn\/wp-content\/uploads\/2023\/05\/Saigon-Cafe-set-1536x1152.jpg 1536w, https:\/\/sunlog.com.vn\/wp-content\/uploads\/2023\/05\/Saigon-Cafe-set-2048x1536.jpg 2048w\" sizes=\"(max-width: 300px) 100vw, 300px\" \/><\/a>\n\t\t\t<\/div>\n\t\t\t\t<figcaption class='wp-caption-text gallery-caption' id='gallery-1-1820'>\n\t\t\t\tOutdoor Funiture\n\t\t\t\t<\/figcaption><\/figure>\n\t\t<\/div>\n\t\t\t\t\t\t<\/div>\n\t\t\t\t<\/div>\n\t\t\t\t\t<\/div>\n\t\t<\/div>\n\t\t\t\t\t<\/div>\n\t\t<\/section>\n\t\t\t\t<\/div>\n\t\t","protected":false},"excerpt":{"rendered":"<p>Vi\u1ec7t Nam n\u00f3i chung l\u00e0 m\u1ed9t th\u1ecb tr\u01b0\u1eddng xu\u1ea5t kh\u1ea9u h\u00e0ng ti\u00eau d\u00f9ng r\u1ea5t n\u0103ng \u0111\u1ed9ng v\u00e0 gi\u00e0u ti\u1ec1m n\u0103ng bao g\u1ed3m th\u1ef1c ph\u1ea9m, \u0111\u1ed3 gia d\u1ee5ng, qu\u1ea7n \u00e1o v\u00e0 \u00f4 t\u00f4. V\u1edbi b\u1ec1 d\u00e0y kinh nghi\u1ec7m v\u1ec1 ngu\u1ed3n cung h\u00e0ng n\u1ed9i \u0111\u1ecba cho th\u1ecb tr\u01b0\u1eddng n\u01b0\u1edbc ngo\u00e0i, ch\u00fang t\u00f4i c\u00f3 th\u1ec3 \u0111\u00f3ng vai tr\u00f2 [&hellip;]<\/p>\n","protected":false},"author":2,"featured_media":0,"parent":0,"menu_order":0,"comment_status":"closed","ping_status":"closed","template":"elementor_header_footer","meta":{"site-sidebar-layout":"no-sidebar","site-content-layout":"page-builder","ast-site-content-layout":"","site-content-style":"default","site-sidebar-style":"default","ast-global-header-display":"","ast-banner-title-visibility":"","ast-main-header-display":"","ast-hfb-above-header-display":"","ast-hfb-below-header-display":"","ast-hfb-mobile-header-display":"","site-post-title":"disabled","ast-breadcrumbs-content":"","ast-featured-img":"disabled","footer-sml-layout":"","theme-transparent-header-meta":"default","adv-header-id-meta":"","stick-header-meta":"default","header-above-stick-meta":"","header-main-stick-meta":"","header-below-stick-meta":"","astra-migrate-meta-layouts":"default","ast-page-background-enabled":"default","ast-page-background-meta":{"desktop":{"background-color":"var(--ast-global-color-4)","background-image":"","background-repeat":"repeat","background-position":"center center","background-size":"auto","background-attachment":"scroll","background-type":"","background-media":"","overlay-type":"","overlay-color":"","overlay-opacity":"","overlay-gradient":""},"tablet":{"background-color":"","background-image":"","background-repeat":"repeat","background-position":"center center","background-size":"auto","background-attachment":"scroll","background-type":"","background-media":"","overlay-type":"","overlay-color":"","overlay-opacity":"","overlay-gradient":""},"mobile":{"background-color":"","background-image":"","background-repeat":"repeat","background-position":"center center","background-size":"auto","background-attachment":"scroll","background-type":"","background-media":"","overlay-type":"","overlay-color":"","overlay-opacity":"","overlay-gradient":""}},"ast-content-background-meta":{"desktop":{"background-color":"var(--ast-global-color-5)","background-image":"","background-repeat":"repeat","background-position":"center center","background-size":"auto","background-attachment":"scroll","background-type":"","background-media":"","overlay-type":"","overlay-color":"","overlay-opacity":"","overlay-gradient":""},"tablet":{"background-color":"var(--ast-global-color-5)","background-image":"","background-repeat":"repeat","background-position":"center center","background-size":"auto","background-attachment":"scroll","background-type":"","background-media":"","overlay-type":"","overlay-color":"","overlay-opacity":"","overlay-gradient":""},"mobile":{"background-color":"var(--ast-global-color-5)","background-image":"","background-repeat":"repeat","background-position":"center center","background-size":"auto","background-attachment":"scroll","background-type":"","background-media":"","overlay-type":"","overlay-color":"","overlay-opacity":"","overlay-gradient":""}},"footnotes":""},"class_list":["post-75","page","type-page","status-publish","hentry"],"_links":{"self":[{"href":"https:\/\/sunlog.com.vn\/vi\/wp-json\/wp\/v2\/pages\/75","targetHints":{"allow":["GET"]}}],"collection":[{"href":"https:\/\/sunlog.com.vn\/vi\/wp-json\/wp\/v2\/pages"}],"about":[{"href":"https:\/\/sunlog.com.vn\/vi\/wp-json\/wp\/v2\/types\/page"}],"author":[{"embeddable":true,"href":"https:\/\/sunlog.com.vn\/vi\/wp-json\/wp\/v2\/users\/2"}],"replies":[{"embeddable":true,"href":"https:\/\/sunlog.com.vn\/vi\/wp-json\/wp\/v2\/comments?post=75"}],"version-history":[{"count":49,"href":"https:\/\/sunlog.com.vn\/vi\/wp-json\/wp\/v2\/pages\/75\/revisions"}],"predecessor-version":[{"id":2090,"href":"https:\/\/sunlog.com.vn\/vi\/wp-json\/wp\/v2\/pages\/75\/revisions\/2090"}],"wp:attachment":[{"href":"https:\/\/sunlog.com.vn\/vi\/wp-json\/wp\/v2\/media?parent=75"}],"curies":[{"name":"wp","href":"https:\/\/api.w.org\/{rel}","templated":true}]}}